{"id":44,"date":"2022-02-27T16:19:33","date_gmt":"2022-02-27T15:19:33","guid":{"rendered":"https:\/\/tabor.ywam.sk\/2022\/?page_id=44"},"modified":"2022-03-14T12:51:29","modified_gmt":"2022-03-14T11:51:29","slug":"turnus-4","status":"publish","type":"page","link":"https:\/\/tabor.ywam.sk\/2022\/tabory\/turnus-4\/","title":{"rendered":"4. TURNUS"},"content":{"rendered":"<h6>TERM\u00cdN:<\/h6>\n<p><strong style=\"font-size: 28px;\">21. \u2013 27. august 2022<\/strong><\/p>\n<h6>MIESTO:<\/h6>\n<p><a href=\"http:\/\/tabor.ywam.sk\/2020\/wp-content\/uploads\/drotar.jpg\" rel=\"lightbox[44]\"><img loading=\"lazy\" decoding=\"async\" class=\"alignright size-full wp-image-45\" src=\"http:\/\/tabor.ywam.sk\/2020\/wp-content\/uploads\/drotar.jpg\" alt=\"\" width=\"240\" height=\"180\" \/><\/a><strong style=\"font-size: 20px;\">hotel Drot\u00e1r, Hronec<\/strong><\/p>\n<p><a href=\"http:\/\/www.hoteldrotar.sk\" target=\"_blank\" rel=\"noopener noreferrer\">www.hoteldrotar.sk<\/a><\/p>\n<h6>UBYTOVANIE:<\/h6>\n<p>V 2\u20134 l\u00f4\u017ekov\u00fdch izb\u00e1ch v hoteli alebo v 6-miestnych chatk\u00e1ch. Ka\u017ed\u00e1 chatka m\u00e1 vlastn\u00e9 soci\u00e1lne zariadenie, v hoteli je spolo\u010dn\u00e9 soci\u00e1lne zariadenie pre 2 rodiny na bunke.<\/p>\n<h6>CENY:<\/h6>\n<ul>\n<li><strong>210\u20ac<\/strong>\u2013 dospel\u00fd<\/li>\n<li><strong>190\u20ac<\/strong>\u2013\u00a0die\u0165a od\u00a012 rokov (dospel\u00e1 porcia)<\/li>\n<li><strong>165\u20ac<\/strong>\u2013\u00a0die\u0165a do 11 rokov vr\u00e1tane (detsk\u00e1 porcia)<\/li>\n<li><strong> 30\u20ac<\/strong>\u00a0\u2013\u00a0die\u0165a do 3\u00a0rokov vr\u00e1tane (bez n\u00e1roku na stravu a l\u00f4\u017eko)<\/li>\n<li><strong> 10\u20ac<\/strong>\u00a0\u2013\u00a0poplatok za psa.<\/li>\n<\/ul>\n<p>V\u00a0pr\u00edpade, \u017ee m\u00e1te z\u00e1ujem o\u00a0stravu alebo l\u00f4\u017eko pre die\u0165a mlad\u0161ie ako 3 roky, uve\u010fte to v pozn\u00e1mke v\u00a0prihl\u00e1\u0161ke \u2013 cenu uprav\u00edme pod\u013ea va\u0161ich po\u017eiadaviek.<\/p>\n<p><em>V\u00a0cene v\u0161etk\u00fdch turnusov je ubytovanie na 6 noc\u00ed, pln\u00e1 penzia, desiata pre deti, ob\u010derstvenie, podklady k predn\u00e1\u0161kam, materi\u00e1ly pre detsk\u00fd program, spolo\u010dn\u00e9 priestory, \u0161portovisk\u00e1, pr\u00edspevok predn\u00e1\u0161aj\u00facim.<\/em><\/p>\n<p><strong>V\u00e1\u0161 v\u00fdber ubytovania nie je z\u00e1v\u00e4zn\u00fd a z\u00e1le\u017e\u00ed od kapac\u00edt ubytovania. O tom, \u010di sme V\u00e1m vedeli alebo nevedeli vyhovie\u0165 V\u00e1s budeme informova\u0165.<\/strong><\/p>\n<p><strong>O\u00a0sp\u00f4sobe platby V\u00e1s budeme informova\u0165 po prijat\u00ed Va\u0161ej prihl\u00e1\u0161ky. V pr\u00edpade, \u017ee m\u00e1te z\u00e1ujem o pou\u017eitie rekrea\u010dn\u00e9ho poukazu, nezabudnite to za\u0161krtn\u00fa\u0165 v prihl\u00e1\u0161ke.<\/strong><\/p>\n<h6>NA\u0160I RE\u010cN\u00cdCI:<\/h6>\n<p><strong>Mike a\u00a0Ros Oman<\/strong><\/p>\n<p><img loading=\"lazy\" decoding=\"async\" class=\"alignright size-full wp-image-36\" src=\"https:\/\/tabor.ywam.sk\/2015\/wp-content\/uploads\/oman.jpg\" alt=\"oman\" width=\"220\" height=\"240\" \/>Obaja sa narodili v\u00a0Anglicku, no spolu so svojimi rodinami v\u00a0roku 1951 emigrovali do Zimbabwe. Vzali sa v\u00a0roku 1971 a\u00a0maj\u00fa dve deti. Obaja sa v\u00a0roku 1976 stretli s\u00a0Bohom, \u010do zmenilo ich form\u00e1lnu vieru na \u017eiv\u00fd vz\u0165ah s\u00a0N\u00edm a\u00a0sp\u00f4sobilo t\u00fa\u017ebu viac Ho pozna\u0165 a\u00a0sl\u00fa\u017ei\u0165 Mu. V\u00a0roku 1979 absolvovali YWAM \u0161kolu Discipleship Training School a\u00a0zapojili sa naplno do slu\u017eby v\u00a0YWAM. Zakladali a\u00a0viedli YWAM centr\u00e1 v\u00a0r\u00f4znych \u010dastiach sveta. V\u00a0s\u00fa\u010dasnosti s\u00fa jedn\u00fdmi z\u00a0ved\u00facich YWAM pre Z\u00e1padn\u00fa a\u00a0Centr\u00e1lnu Eur\u00f3pu, Mike vyu\u010duje na r\u00f4znych u\u010den\u00edckych tr\u00e9ningov\u00fdch programoch po celom svete, Ros je s\u00fa\u010das\u0165ou t\u00edmu pre pr\u00edhovorn\u00fa modlitbu.<\/p>\n","protected":false},"excerpt":{"rendered":"<p>TERM\u00cdN: 21. \u2013 27. august 2022 MIESTO: hotel Drot\u00e1r, Hronec www.hoteldrotar.sk UBYTOVANIE: V 2\u20134 l\u00f4\u017ekov\u00fdch izb\u00e1ch v hoteli alebo v 6-miestnych chatk\u00e1ch. Ka\u017ed\u00e1 chatka m\u00e1 vlastn\u00e9 soci\u00e1lne zariadenie, v hoteli <a class=\"more-link\" href=\"https:\/\/tabor.ywam.sk\/2022\/tabory\/turnus-4\/\">[ . . . ]<\/a><\/p>\n","protected":false},"author":1,"featured_media":0,"parent":21,"menu_order":9,"comment_status":"closed","ping_status":"closed","template":"","meta":{"footnotes":""},"class_list":["post-44","page","type-page","status-publish","hentry"],"_links":{"self":[{"href":"https:\/\/tabor.ywam.sk\/2022\/wp-json\/wp\/v2\/pages\/44","targetHints":{"allow":["GET"]}}],"collection":[{"href":"https:\/\/tabor.ywam.sk\/2022\/wp-json\/wp\/v2\/pages"}],"about":[{"href":"https:\/\/tabor.ywam.sk\/2022\/wp-json\/wp\/v2\/types\/page"}],"author":[{"embeddable":true,"href":"https:\/\/tabor.ywam.sk\/2022\/wp-json\/wp\/v2\/users\/1"}],"replies":[{"embeddable":true,"href":"https:\/\/tabor.ywam.sk\/2022\/wp-json\/wp\/v2\/comments?post=44"}],"version-history":[{"count":4,"href":"https:\/\/tabor.ywam.sk\/2022\/wp-json\/wp\/v2\/pages\/44\/revisions"}],"predecessor-version":[{"id":62,"href":"https:\/\/tabor.ywam.sk\/2022\/wp-json\/wp\/v2\/pages\/44\/revisions\/62"}],"up":[{"embeddable":true,"href":"https:\/\/tabor.ywam.sk\/2022\/wp-json\/wp\/v2\/pages\/21"}],"wp:attachment":[{"href":"https:\/\/tabor.ywam.sk\/2022\/wp-json\/wp\/v2\/media?parent=44"}],"curies":[{"name":"wp","href":"https:\/\/api.w.org\/{rel}","templated":true}]}}