{"id":21,"date":"2022-02-27T15:11:26","date_gmt":"2022-02-27T14:11:26","guid":{"rendered":"https:\/\/tabor.ywam.sk\/2022\/?page_id=21"},"modified":"2022-03-14T12:50:33","modified_gmt":"2022-03-14T11:50:33","slug":"tabory","status":"publish","type":"page","link":"https:\/\/tabor.ywam.sk\/2022\/tabory\/","title":{"rendered":"Miesta a term\u00edny"},"content":{"rendered":"<h3 style=\"padding: 10px 20px; background: #ff6600; color: #fff; border-radius: 15px; text-align: center; text-transform: uppercase;\">Registr\u00e1ciu sp\u00fa\u0161\u0165ame r\u00e1no<br \/>\n15. marca o 7:00 hod.<\/h3>\n<table class=\"nonono\" border=\"0\">\n<tbody>\n<tr>\n<td colspan=\"2\">\n<h4 style=\"margin-bottom: 0;\"><strong><a href=\"http:\/\/tabor.ywam.sk\/2022\/tabory\/turnus-1\/\">1. TURNUS (klikni sem pre viac inform\u00e1ci\u00ed o turnuse):<\/a><\/strong><\/h4>\n<\/td>\n<td class=\"img\" rowspan=\"4\" align=\"right\" width=\"200\"><img loading=\"lazy\" decoding=\"async\" class=\"alignnone size-full wp-image-45\" src=\"http:\/\/tabor.ywam.sk\/2020\/wp-content\/uploads\/drotar.jpg\" alt=\"\" width=\"240\" height=\"180\" \/><\/td>\n<\/tr>\n<tr>\n<td valign=\"top\" width=\"100\">term\u00edn:<\/td>\n<td><strong>17. \u2013 23. j\u00fal 2022<br \/>\n<\/strong><em>(t\u00e1bor zameran\u00fd na rodiny s t\u00edned\u017eermi od 13 rokov, pre ktor\u00fdch bude pripraven\u00fd \u0161peci\u00e1lny program. Nebojte sa v\u0161ak prihl\u00e1si\u0165, ma\u0165 t\u00edned\u017eera nie je podmienkou. \ud83d\ude09)<\/em><strong><br \/>\n<\/strong><\/td>\n<\/tr>\n<tr>\n<td valign=\"top\">miesto:<\/td>\n<td><strong>hotel Drot\u00e1r, Hronec<\/strong><\/td>\n<\/tr>\n<tr>\n<td valign=\"top\">re\u010dn\u00edci:<\/td>\n<td><strong>Brian a Christine Clarke<br \/>\n<\/strong>pre t\u00edned\u017eerov: <em><strong>PRIPRAVUJEME<\/strong><\/em><\/td>\n<\/tr>\n<\/tbody>\n<\/table>\n<p>&nbsp;<\/p>\n<table class=\"nonono\" border=\"0\">\n<tbody>\n<tr>\n<td colspan=\"2\">\n<h4 style=\"margin-bottom: 0;\"><strong><a href=\"http:\/\/tabor.ywam.sk\/2022\/tabory\/turnus-2\/\">2. TURNUS (klikni sem pre viac inform\u00e1ci\u00ed o turnuse):<\/a><\/strong><\/h4>\n<\/td>\n<td class=\"img\" rowspan=\"4\" align=\"right\" width=\"200\"><img loading=\"lazy\" decoding=\"async\" class=\"alignnone size-full wp-image-45\" src=\"http:\/\/tabor.ywam.sk\/2020\/wp-content\/uploads\/drotar.jpg\" alt=\"\" width=\"240\" height=\"180\" \/><\/td>\n<\/tr>\n<tr>\n<td width=\"100\">term\u00edn:<\/td>\n<td><strong>24. \u2013 30. j\u00fal 2022<\/strong><\/td>\n<\/tr>\n<tr>\n<td>miesto:<\/td>\n<td><strong>hotel Drot\u00e1r, Hronec<\/strong><\/td>\n<\/tr>\n<tr>\n<td>re\u010dn\u00edci:<\/td>\n<td><strong>Martina a Vlado \u017d\u00e1kovci<\/strong><\/td>\n<\/tr>\n<\/tbody>\n<\/table>\n<p>&nbsp;<\/p>\n<table class=\"nonono\" border=\"0\">\n<tbody>\n<tr>\n<td colspan=\"2\">\n<h4 style=\"margin-bottom: 0;\"><strong><a href=\"http:\/\/tabor.ywam.sk\/2022\/tabory\/turnus-3\/\">3. TURNUS (klikni sem pre viac inform\u00e1ci\u00ed o turnuse):<\/a><\/strong><\/h4>\n<\/td>\n<td class=\"img\" rowspan=\"4\" align=\"right\" width=\"200\"><img loading=\"lazy\" decoding=\"async\" class=\"alignnone size-full wp-image-45\" src=\"http:\/\/tabor.ywam.sk\/2020\/wp-content\/uploads\/drotar.jpg\" alt=\"\" width=\"240\" height=\"180\" \/><\/td>\n<\/tr>\n<tr>\n<td width=\"100\">term\u00edn:<\/td>\n<td><strong>14. \u2013 20. august 2022<\/strong><\/td>\n<\/tr>\n<tr>\n<td>miesto:<\/td>\n<td><strong>hotel Drot\u00e1r, Hronec<\/strong><\/td>\n<\/tr>\n<tr>\n<td>re\u010dn\u00edci:<\/td>\n<td><strong>Jo a Steve Kilbry<\/strong><\/td>\n<\/tr>\n<\/tbody>\n<\/table>\n<p>&nbsp;<\/p>\n<table class=\"nonono\" border=\"0\">\n<tbody>\n<tr>\n<td colspan=\"2\">\n<h4 style=\"margin-bottom: 0;\"><strong><a href=\"http:\/\/tabor.ywam.sk\/2022\/tabory\/turnus-4\/\">4. TURNUS (klikni sem pre viac inform\u00e1ci\u00ed o turnuse):<\/a><\/strong><\/h4>\n<\/td>\n<td class=\"img\" rowspan=\"4\" align=\"right\" width=\"200\"><img loading=\"lazy\" decoding=\"async\" class=\"alignnone size-full wp-image-45\" src=\"http:\/\/tabor.ywam.sk\/2020\/wp-content\/uploads\/drotar.jpg\" alt=\"\" width=\"240\" height=\"180\" \/><\/td>\n<\/tr>\n<tr>\n<td width=\"100\">term\u00edn:<\/td>\n<td><strong>21. \u2013 27. august 2022<\/strong><\/td>\n<\/tr>\n<tr>\n<td>miesto:<\/td>\n<td><strong>hotel Drot\u00e1r, Hronec<\/strong><\/td>\n<\/tr>\n<tr>\n<td>re\u010dn\u00edci:<\/td>\n<td><strong>Mike a Ros Oman<\/strong><\/td>\n<\/tr>\n<\/tbody>\n<\/table>\n<p>&nbsp;<\/p>\n","protected":false},"excerpt":{"rendered":"<p>Registr\u00e1ciu sp\u00fa\u0161\u0165ame r\u00e1no 15. marca o 7:00 hod. 1. TURNUS (klikni sem pre viac inform\u00e1ci\u00ed o turnuse): term\u00edn: 17. \u2013 23. j\u00fal 2022 (t\u00e1bor zameran\u00fd na rodiny s t\u00edned\u017eermi od <a class=\"more-link\" href=\"https:\/\/tabor.ywam.sk\/2022\/tabory\/\">[ . . . ]<\/a><\/p>\n","protected":false},"author":1,"featured_media":0,"parent":0,"menu_order":4,"comment_status":"closed","ping_status":"closed","template":"","meta":{"footnotes":""},"class_list":["post-21","page","type-page","status-publish","hentry"],"_links":{"self":[{"href":"https:\/\/tabor.ywam.sk\/2022\/wp-json\/wp\/v2\/pages\/21","targetHints":{"allow":["GET"]}}],"collection":[{"href":"https:\/\/tabor.ywam.sk\/2022\/wp-json\/wp\/v2\/pages"}],"about":[{"href":"https:\/\/tabor.ywam.sk\/2022\/wp-json\/wp\/v2\/types\/page"}],"author":[{"embeddable":true,"href":"https:\/\/tabor.ywam.sk\/2022\/wp-json\/wp\/v2\/users\/1"}],"replies":[{"embeddable":true,"href":"https:\/\/tabor.ywam.sk\/2022\/wp-json\/wp\/v2\/comments?post=21"}],"version-history":[{"count":4,"href":"https:\/\/tabor.ywam.sk\/2022\/wp-json\/wp\/v2\/pages\/21\/revisions"}],"predecessor-version":[{"id":64,"href":"https:\/\/tabor.ywam.sk\/2022\/wp-json\/wp\/v2\/pages\/21\/revisions\/64"}],"wp:attachment":[{"href":"https:\/\/tabor.ywam.sk\/2022\/wp-json\/wp\/v2\/media?parent=21"}],"curies":[{"name":"wp","href":"https:\/\/api.w.org\/{rel}","templated":true}]}}