{"id":17,"date":"2022-02-27T15:03:35","date_gmt":"2022-02-27T14:03:35","guid":{"rendered":"https:\/\/tabor.ywam.sk\/2022\/?page_id=17"},"modified":"2022-02-27T15:03:35","modified_gmt":"2022-02-27T14:03:35","slug":"podpora","status":"publish","type":"page","link":"https:\/\/tabor.ywam.sk\/2022\/podpora\/","title":{"rendered":"Podpora"},"content":{"rendered":"<p>Rodinn\u00e9 t\u00e1bory YWAM s\u00fa organizovan\u00e9 dobrovo\u013en\u00edkmi, ktor\u00ed si\u00a0 t\u00e1bor hradia rovnako ako \u00fa\u010dastn\u00edci. Pre niektor\u00fdch z\u00a0nich to nie je jednoduch\u00e9. Tie\u017e existuj\u00fa rodiny, ktor\u00e9 by na t\u00e1bor chceli pr\u00eds\u0165, no z\u00a0finan\u010dn\u00fdch d\u00f4vodov nem\u00f4\u017eu.<\/p>\n<p>Ak by ste tak\u00fdmto rodin\u00e1m a jednotlivcom chceli finan\u010dne pom\u00f4c\u0165 alebo len jednoducho podpori\u0165 rodinn\u00e9 t\u00e1bory, m\u00f4\u017eete svoj finan\u010dn\u00fd pr\u00edspevok posla\u0165<br \/>\n\u010c.\u00fa\u010dtu: <strong>SK35\u00a01100\u00a00000\u00a00026\u00a02974\u00a08541<\/strong> (2629748541\/1100)<br \/>\nVariabiln\u00fd symbol: <strong>1111<br \/>\n<\/strong>Pozn\u00e1mka: <strong>DAR NA T\u00c1BOR<\/strong>, pr\u00edpadne <strong>meno konkr\u00e9tnej osoby alebo rodiny<\/strong><\/p>\n<p>\u010eakujeme.<\/p>\n","protected":false},"excerpt":{"rendered":"<p>Rodinn\u00e9 t\u00e1bory YWAM s\u00fa organizovan\u00e9 dobrovo\u013en\u00edkmi, ktor\u00ed si\u00a0 t\u00e1bor hradia rovnako ako \u00fa\u010dastn\u00edci. Pre niektor\u00fdch z\u00a0nich to nie je jednoduch\u00e9. Tie\u017e existuj\u00fa rodiny, ktor\u00e9 by na t\u00e1bor chceli pr\u00eds\u0165, no <a class=\"more-link\" href=\"https:\/\/tabor.ywam.sk\/2022\/podpora\/\">[ . . . ]<\/a><\/p>\n","protected":false},"author":1,"featured_media":0,"parent":0,"menu_order":10,"comment_status":"closed","ping_status":"closed","template":"","meta":{"footnotes":""},"class_list":["post-17","page","type-page","status-publish","hentry"],"_links":{"self":[{"href":"https:\/\/tabor.ywam.sk\/2022\/wp-json\/wp\/v2\/pages\/17","targetHints":{"allow":["GET"]}}],"collection":[{"href":"https:\/\/tabor.ywam.sk\/2022\/wp-json\/wp\/v2\/pages"}],"about":[{"href":"https:\/\/tabor.ywam.sk\/2022\/wp-json\/wp\/v2\/types\/page"}],"author":[{"embeddable":true,"href":"https:\/\/tabor.ywam.sk\/2022\/wp-json\/wp\/v2\/users\/1"}],"replies":[{"embeddable":true,"href":"https:\/\/tabor.ywam.sk\/2022\/wp-json\/wp\/v2\/comments?post=17"}],"version-history":[{"count":1,"href":"https:\/\/tabor.ywam.sk\/2022\/wp-json\/wp\/v2\/pages\/17\/revisions"}],"predecessor-version":[{"id":18,"href":"https:\/\/tabor.ywam.sk\/2022\/wp-json\/wp\/v2\/pages\/17\/revisions\/18"}],"wp:attachment":[{"href":"https:\/\/tabor.ywam.sk\/2022\/wp-json\/wp\/v2\/media?parent=17"}],"curies":[{"name":"wp","href":"https:\/\/api.w.org\/{rel}","templated":true}]}}