{"id":2,"date":"2021-02-13T21:03:40","date_gmt":"2021-02-13T20:03:40","guid":{"rendered":"https:\/\/tabor.ywam.sk\/2021\/?page_id=2"},"modified":"2021-02-13T21:09:06","modified_gmt":"2021-02-13T20:09:06","slug":"rodinne-tabory-ywam","status":"publish","type":"page","link":"https:\/\/tabor.ywam.sk\/2021\/","title":{"rendered":"Rodinn\u00fd t\u00e1bor YWAM 2021"},"content":{"rendered":"\r\n<p><\/p>\r\n<p><\/p>\r\n<h3>Kres\u0165ansk\u00e9 t\u00e1bory organizovan\u00e9 medzin\u00e1rodnou misijnou organiz\u00e1ciou Youth With A\u00a0Mission (YWAM) na Slovensku.<\/h3>\r\n<ul>\r\n<li>Zauj\u00edmav\u00e9\u00a0<b>dopolud\u0148aj\u0161ie predn\u00e1\u0161ky<\/b>\u00a0pre dospel\u00fdch, zameran\u00e9 na posil\u0148ovanie vz\u0165ahov v\u00a0rodine a\u00a0na prehlbovanie vz\u0165ahu s Bohom<\/li>\r\n<li>Paralelne s predn\u00e1\u0161kami bohat\u00fd\u00a0<b>program pre deti<\/b>\u00a0v skupin\u00e1ch pod\u013ea veku \u2013 duchovn\u00fd program, hry, tvorivos\u0165, \u0161port, s\u00fa\u0165a\u017ee\u2026<\/li>\r\n<li><b>Duchovn\u00e1 starostlivos\u0165<\/b>\u00a0sk\u00fasen\u00fdch pracovn\u00edkov v oblasti slu\u017eby rodin\u00e1m zo zahrani\u010dia i zo Slovenska<\/li>\r\n<li>Popolud\u0148aj\u0161\u00ed\u00a0<b>\u010das pre rodinu<\/b>, po\u010das ktor\u00e9ho je mo\u017en\u00e9 zapoji\u0165 sa do pripraven\u00fdch aktiv\u00edt alebo ho str\u00e1vi\u0165 individu\u00e1lne<\/li>\r\n<li>\u0160port, tvoriv\u00e9 dielne, workshopy, z\u00e1bava, ve\u010der pre man\u017eelov<\/li>\r\n<li><b>Rozhovory a\u00a0modlitby<\/b>\u00a0s\u00a0priate\u013emi<\/li>\r\n<li><b>Oddych<\/b> v n\u00e1dhernom prostred\u00ed<\/li>\r\n<\/ul>\r\n<p><\/p>\r\n","protected":false},"excerpt":{"rendered":"","protected":false},"author":1,"featured_media":0,"parent":0,"menu_order":14,"comment_status":"closed","ping_status":"closed","template":"","meta":{"footnotes":""},"class_list":["post-2","page","type-page","status-publish","hentry"],"publishpress_future_action":{"enabled":false,"date":"2026-05-07 06:44:48","action":"change-status","newStatus":"draft","terms":[],"taxonomy":"","extraData":[]},"publishpress_future_workflow_manual_trigger":{"enabledWorkflows":[]},"_links":{"self":[{"href":"https:\/\/tabor.ywam.sk\/2021\/wp-json\/wp\/v2\/pages\/2","targetHints":{"allow":["GET"]}}],"collection":[{"href":"https:\/\/tabor.ywam.sk\/2021\/wp-json\/wp\/v2\/pages"}],"about":[{"href":"https:\/\/tabor.ywam.sk\/2021\/wp-json\/wp\/v2\/types\/page"}],"author":[{"embeddable":true,"href":"https:\/\/tabor.ywam.sk\/2021\/wp-json\/wp\/v2\/users\/1"}],"replies":[{"embeddable":true,"href":"https:\/\/tabor.ywam.sk\/2021\/wp-json\/wp\/v2\/comments?post=2"}],"version-history":[{"count":1,"href":"https:\/\/tabor.ywam.sk\/2021\/wp-json\/wp\/v2\/pages\/2\/revisions"}],"predecessor-version":[{"id":6,"href":"https:\/\/tabor.ywam.sk\/2021\/wp-json\/wp\/v2\/pages\/2\/revisions\/6"}],"wp:attachment":[{"href":"https:\/\/tabor.ywam.sk\/2021\/wp-json\/wp\/v2\/media?parent=2"}],"curies":[{"name":"wp","href":"https:\/\/api.w.org\/{rel}","templated":true}]}}