{"id":12,"date":"2021-02-13T21:11:33","date_gmt":"2021-02-13T20:11:33","guid":{"rendered":"https:\/\/tabor.ywam.sk\/2021\/?page_id=12"},"modified":"2021-03-02T00:12:00","modified_gmt":"2021-03-01T23:12:00","slug":"kontakt","status":"publish","type":"page","link":"https:\/\/tabor.ywam.sk\/2021\/kontakt\/","title":{"rendered":"Kontakt"},"content":{"rendered":"<p><strong>Web:<\/strong>\u00a0<a href=\"http:\/\/www.ywam.sk\/\" target=\"_blank\" rel=\"noopener noreferrer\">www.ywam.sk<\/a><\/p>\n<p><strong>Inform\u00e1cie a ot\u00e1zky:<br \/>\n<\/strong>Stana Kot\u00fa\u010dkov\u00e1<br \/>\n<strong>E-mail:<\/strong>\u00a0<a href=\"mailto:stana@ywam.sk\">stana@ywam.sk<\/a><br \/>\n<strong>Telef\u00f3n:<\/strong> +421 902 913 914<\/p>\n","protected":false},"excerpt":{"rendered":"<p>Web:\u00a0www.ywam.sk Inform\u00e1cie a ot\u00e1zky: Stana Kot\u00fa\u010dkov\u00e1 E-mail:\u00a0stana@ywam.sk Telef\u00f3n: +421 902 913 914<\/p>\n","protected":false},"author":1,"featured_media":0,"parent":0,"menu_order":23,"comment_status":"closed","ping_status":"closed","template":"","meta":{"footnotes":""},"class_list":["post-12","page","type-page","status-publish","hentry"],"publishpress_future_action":{"enabled":false,"date":"2026-05-07 08:03:48","action":"change-status","newStatus":"draft","terms":[],"taxonomy":"","extraData":[]},"publishpress_future_workflow_manual_trigger":{"enabledWorkflows":[]},"_links":{"self":[{"href":"https:\/\/tabor.ywam.sk\/2021\/wp-json\/wp\/v2\/pages\/12","targetHints":{"allow":["GET"]}}],"collection":[{"href":"https:\/\/tabor.ywam.sk\/2021\/wp-json\/wp\/v2\/pages"}],"about":[{"href":"https:\/\/tabor.ywam.sk\/2021\/wp-json\/wp\/v2\/types\/page"}],"author":[{"embeddable":true,"href":"https:\/\/tabor.ywam.sk\/2021\/wp-json\/wp\/v2\/users\/1"}],"replies":[{"embeddable":true,"href":"https:\/\/tabor.ywam.sk\/2021\/wp-json\/wp\/v2\/comments?post=12"}],"version-history":[{"count":1,"href":"https:\/\/tabor.ywam.sk\/2021\/wp-json\/wp\/v2\/pages\/12\/revisions"}],"predecessor-version":[{"id":13,"href":"https:\/\/tabor.ywam.sk\/2021\/wp-json\/wp\/v2\/pages\/12\/revisions\/13"}],"wp:attachment":[{"href":"https:\/\/tabor.ywam.sk\/2021\/wp-json\/wp\/v2\/media?parent=12"}],"curies":[{"name":"wp","href":"https:\/\/api.w.org\/{rel}","templated":true}]}}