{"id":16,"date":"2019-02-21T17:09:39","date_gmt":"2019-02-21T16:09:39","guid":{"rendered":"http:\/\/tabor.ywam.sk\/2019\/?page_id=16"},"modified":"2019-02-27T22:58:18","modified_gmt":"2019-02-27T21:58:18","slug":"kontakt","status":"publish","type":"page","link":"https:\/\/tabor.ywam.sk\/2019\/kontakt\/","title":{"rendered":"Kontakt"},"content":{"rendered":"<p><strong>Web:<\/strong>\u00a0<a href=\"http:\/\/www.ywam.sk\/\" target=\"_blank\" rel=\"noopener noreferrer\">www.ywam.sk<\/a><\/p>\n<p><strong>Inform\u00e1cie a ot\u00e1zky:<br \/>\n<\/strong>Stana Kot\u00fa\u010dkov\u00e1<br \/>\n<strong>E-mail:<\/strong>\u00a0<a href=\"mailto:stana@ywam.sk\">stana@ywam.sk<\/a><br \/>\n<strong>Telef\u00f3n:<\/strong> +421 902 913 914<\/p>\n","protected":false},"excerpt":{"rendered":"<p>Web:\u00a0www.ywam.sk Inform\u00e1cie a ot\u00e1zky: Stana Kot\u00fa\u010dkov\u00e1 E-mail:\u00a0stana@ywam.sk Telef\u00f3n: +421 902 913 914<\/p>\n","protected":false},"author":1,"featured_media":0,"parent":0,"menu_order":7,"comment_status":"closed","ping_status":"closed","template":"","meta":{"footnotes":""},"class_list":["post-16","page","type-page","status-publish","hentry"],"_links":{"self":[{"href":"https:\/\/tabor.ywam.sk\/2019\/wp-json\/wp\/v2\/pages\/16","targetHints":{"allow":["GET"]}}],"collection":[{"href":"https:\/\/tabor.ywam.sk\/2019\/wp-json\/wp\/v2\/pages"}],"about":[{"href":"https:\/\/tabor.ywam.sk\/2019\/wp-json\/wp\/v2\/types\/page"}],"author":[{"embeddable":true,"href":"https:\/\/tabor.ywam.sk\/2019\/wp-json\/wp\/v2\/users\/1"}],"replies":[{"embeddable":true,"href":"https:\/\/tabor.ywam.sk\/2019\/wp-json\/wp\/v2\/comments?post=16"}],"version-history":[{"count":2,"href":"https:\/\/tabor.ywam.sk\/2019\/wp-json\/wp\/v2\/pages\/16\/revisions"}],"predecessor-version":[{"id":39,"href":"https:\/\/tabor.ywam.sk\/2019\/wp-json\/wp\/v2\/pages\/16\/revisions\/39"}],"wp:attachment":[{"href":"https:\/\/tabor.ywam.sk\/2019\/wp-json\/wp\/v2\/media?parent=16"}],"curies":[{"name":"wp","href":"https:\/\/api.w.org\/{rel}","templated":true}]}}