{"id":8,"date":"2018-03-04T12:37:56","date_gmt":"2018-03-04T11:37:56","guid":{"rendered":"http:\/\/tabor.ywam.sk\/2018\/?page_id=8"},"modified":"2018-03-06T17:55:57","modified_gmt":"2018-03-06T16:55:57","slug":"tema","status":"publish","type":"page","link":"https:\/\/tabor.ywam.sk\/2018\/tema\/","title":{"rendered":"#BALANCE"},"content":{"rendered":"<p>Ak sa povie rovnov\u00e1ha, ka\u017ed\u00fd z n\u00e1s si mo\u017eno predstav\u00ed nie\u010do in\u00e9. Mo\u017eno \u010dloveka balancuj\u00faceho na povraze, mo\u017eno akrobata, mo\u017eno v\u00e1hu, mo\u017eno nie\u010do vo mne&#8230;. je toho mnoho, \u010do by sme si vedeli predstavi\u0165. S\u00fa v\u0161ak veci, ktor\u00e9 maj\u00fa v\u0161etky tieto predstavy spolo\u010dn\u00e9. \u010co napr\u00edklad tak\u00e9 s\u00fastredenie, pokoj, pevn\u00fd bod? To v\u0161etko s\u00fa veci, ktor\u00e9 potrebujeme, aby sme mohli udr\u017ea\u0165 rovnov\u00e1hu.<\/p>\n<p>A ako je to s rovnov\u00e1hou v na\u0161om \u017eivote? Vieme, kde s\u00fa na\u0161e pevn\u00e9 body a ako sa o ne m\u00f4\u017eeme oprie\u0165? Vieme, \u010do n\u00e1m do \u017eivota prin\u00e1\u0161a v\u00fdkyvy alebo sme si vedom\u00ed, ak sa k\u013a\u017eeme po \u0161ikmej ploche, preto\u017ee sme niekde urobili chybu? Vieme sa vr\u00e1ti\u0165 sp\u00e4\u0165 k pevn\u00e9mu bodu? A ako je to s rovnov\u00e1hou v na\u0161om man\u017eelstve, v na\u0161om vz\u0165ahu s \u010fe\u0165mi a dok\u00e1\u017eeme udr\u017ea\u0165 v rovnov\u00e1he n\u00e1\u0161 \u010das alebo z\u00e1ujmy?<\/p>\n<p>Rovnov\u00e1ha je d\u00f4le\u017eit\u00e1 v osobnom aj na\u0161om rodinnom \u017eivote. Je po\u017eehnan\u00edm si to uvedomova\u0165.<\/p>\n<p>A pr\u00e1ve preto budeme o tomto a e\u0161te mnohom inom hovori\u0165 tento rok na rodinn\u00fdch t\u00e1boroch YWAM. Ver\u00edme, \u017ee aj pre V\u00e1s to bude zauj\u00edmav\u00fd \u010das. \u017de tento rok prines\u00fa YWAM t\u00e1bory aj do na\u0161ich osobn\u00fdch, partnersk\u00fdch a rodinn\u00fdch \u017eivotov rovnov\u00e1hu. Preto V\u00e1s na ne poz\u00fdvame a budeme ve\u013emi radi, ak sa prihl\u00e1site.<\/p>\n","protected":false},"excerpt":{"rendered":"<p>Ak sa povie rovnov\u00e1ha, ka\u017ed\u00fd z n\u00e1s si mo\u017eno predstav\u00ed nie\u010do in\u00e9. Mo\u017eno \u010dloveka balancuj\u00faceho na povraze, mo\u017eno akrobata, mo\u017eno v\u00e1hu, mo\u017eno nie\u010do vo mne&#8230;. je toho mnoho, \u010do by sme si vedeli predstavi\u0165. S\u00fa v\u0161ak veci, ktor\u00e9 maj\u00fa v\u0161etky tieto predstavy spolo\u010dn\u00e9. \u010co napr\u00edklad tak\u00e9 s\u00fastredenie, pokoj, pevn\u00fd bod? To v\u0161etko s\u00fa veci, ktor\u00e9 [&hellip;]<\/p>\n","protected":false},"author":1,"featured_media":0,"parent":0,"menu_order":2,"comment_status":"closed","ping_status":"closed","template":"","meta":{"footnotes":""},"class_list":["post-8","page","type-page","status-publish","hentry"],"_links":{"self":[{"href":"https:\/\/tabor.ywam.sk\/2018\/wp-json\/wp\/v2\/pages\/8","targetHints":{"allow":["GET"]}}],"collection":[{"href":"https:\/\/tabor.ywam.sk\/2018\/wp-json\/wp\/v2\/pages"}],"about":[{"href":"https:\/\/tabor.ywam.sk\/2018\/wp-json\/wp\/v2\/types\/page"}],"author":[{"embeddable":true,"href":"https:\/\/tabor.ywam.sk\/2018\/wp-json\/wp\/v2\/users\/1"}],"replies":[{"embeddable":true,"href":"https:\/\/tabor.ywam.sk\/2018\/wp-json\/wp\/v2\/comments?post=8"}],"version-history":[{"count":3,"href":"https:\/\/tabor.ywam.sk\/2018\/wp-json\/wp\/v2\/pages\/8\/revisions"}],"predecessor-version":[{"id":78,"href":"https:\/\/tabor.ywam.sk\/2018\/wp-json\/wp\/v2\/pages\/8\/revisions\/78"}],"wp:attachment":[{"href":"https:\/\/tabor.ywam.sk\/2018\/wp-json\/wp\/v2\/media?parent=8"}],"curies":[{"name":"wp","href":"https:\/\/api.w.org\/{rel}","templated":true}]}}