{"id":9,"date":"2017-03-11T16:50:07","date_gmt":"2017-03-11T15:50:07","guid":{"rendered":"http:\/\/tabor.ywam.sk\/2017\/?page_id=9"},"modified":"2018-03-04T12:45:10","modified_gmt":"2018-03-04T11:45:10","slug":"pribeh","status":"publish","type":"page","link":"https:\/\/tabor.ywam.sk\/2017\/pribeh\/","title":{"rendered":"Pr\u00edbeh YWAM rodinn\u00fdch t\u00e1borov na Slovensku"},"content":{"rendered":"<p><strong>1998<\/strong> &#8211; Boh dal v\u00edziu rodinn\u00fdch t\u00e1borov mame 2 mal\u00fdch det\u00ed Amy Rummageovej a\u00a0odpove\u010fou na t\u00fato v\u00fdzvu bol prv\u00fd rodinn\u00fd t\u00e1bor YWAM na Slovensku s\u00a0t\u00e9mou: \u201eAko nevpusti\u0165 vlka dovn\u00fatra\u201c<\/p>\n<p><a href=\"http:\/\/tabor.ywam.sk\/2017\/wp-content\/uploads\/pribeh-rummage.jpg\" rel=\"lightbox[9]\"><img loading=\"lazy\" decoding=\"async\" class=\"alignnone size-medium wp-image-34\" src=\"http:\/\/tabor.ywam.sk\/2017\/wp-content\/uploads\/pribeh-rummage-300x206.jpg\" alt=\"\" width=\"300\" height=\"206\" srcset=\"https:\/\/tabor.ywam.sk\/2017\/wp-content\/uploads\/pribeh-rummage-300x206.jpg 300w, https:\/\/tabor.ywam.sk\/2017\/wp-content\/uploads\/pribeh-rummage.jpg 541w\" sizes=\"auto, (max-width: 300px) 100vw, 300px\" \/><\/a><\/p>\n<p><strong>1999<\/strong> \u2013 do pr\u00edpravn\u00e9ho t\u00edmu sa prid\u00e1vaj\u00fa 3 slovensk\u00e9 rodiny \u2013 Udvardiovci, Kremsk\u00ed a\u00a0Sochorovci<\/p>\n<p><strong>2000<\/strong> \u2013 \u0161tafetu rodinn\u00fdch t\u00e1borov od Rummageovcov preberaj\u00fa Kilbryovci, v\u00a0roku 2006 Sochorovci<\/p>\n<p><a href=\"http:\/\/tabor.ywam.sk\/2017\/wp-content\/uploads\/pribeh-kilbri.jpg\" rel=\"lightbox[9]\"><img loading=\"lazy\" decoding=\"async\" class=\"alignleft size-thumbnail wp-image-35\" src=\"http:\/\/tabor.ywam.sk\/2017\/wp-content\/uploads\/pribeh-kilbri-200x200.jpg\" alt=\"\" width=\"200\" height=\"200\" \/><\/a><a href=\"http:\/\/tabor.ywam.sk\/2017\/wp-content\/uploads\/pribeh-sochor.jpg\" rel=\"lightbox[9]\"><img loading=\"lazy\" decoding=\"async\" class=\"alignnone size-thumbnail wp-image-36\" src=\"http:\/\/tabor.ywam.sk\/2017\/wp-content\/uploads\/pribeh-sochor-200x200.jpg\" alt=\"\" width=\"200\" height=\"200\" \/><\/a><\/p>\n<p><strong>2006<\/strong> \u2013 z\u00e1ujem o\u00a0kempy narast\u00e1 z\u00a0roka na rok, a\u00a0tak od\u00a0roku 2007 organizuje rast\u00faci t\u00edm dobrovo\u013en\u00edkov dva turnusy, od roku 2010 tri turnusy, v\u00a0roku 2014 dokonca 4 turnusy rodinn\u00fdch t\u00e1borov<\/p>\n<p><strong>2007<\/strong> \u2013 z\u00a0det\u00ed, ktor\u00e9 chodievali na t\u00e1bory so svojimi rodi\u010dmi sa st\u00e1vaj\u00fa detsk\u00ed ved\u00faci, ktor\u00ed sa venuj\u00fa aj de\u0165om svojich b\u00fdval\u00fdch ved\u00facich \ud83d\ude42<\/p>\n<p><a href=\"http:\/\/tabor.ywam.sk\/2017\/wp-content\/uploads\/pribeh-tabor1.jpg\" rel=\"lightbox[9]\"><img loading=\"lazy\" decoding=\"async\" class=\"alignleft wp-image-37 size-thumbnail\" src=\"http:\/\/tabor.ywam.sk\/2017\/wp-content\/uploads\/pribeh-tabor1-200x200.jpg\" alt=\"\" width=\"200\" height=\"200\" \/><\/a><a href=\"http:\/\/tabor.ywam.sk\/2017\/wp-content\/uploads\/pribeh-detsky-tim.jpg\" rel=\"lightbox[9]\"><img loading=\"lazy\" decoding=\"async\" class=\"alignnone size-thumbnail wp-image-38\" src=\"http:\/\/tabor.ywam.sk\/2017\/wp-content\/uploads\/pribeh-detsky-tim-200x200.jpg\" alt=\"\" width=\"200\" height=\"200\" \/><\/a><\/p>\n<p><strong>2008<\/strong> \u2013 v\u00a0r\u00e1mci t\u00e1borov rodin\u00e1m pon\u00fakame mo\u017enos\u0165 za\u017ei\u0165 rodinn\u00fd mini-misijn\u00fd v\u00fdjazd \u2013 niekedy m\u00e1 formu evanjeliz\u00e1cie, inokedy praktickej slu\u017eby<\/p>\n<p><a href=\"http:\/\/tabor.ywam.sk\/2017\/wp-content\/uploads\/pribeh-akcia-chvaly.jpg\" rel=\"lightbox[9]\"><img loading=\"lazy\" decoding=\"async\" class=\"alignleft wp-image-39 size-thumbnail\" src=\"http:\/\/tabor.ywam.sk\/2017\/wp-content\/uploads\/pribeh-akcia-chvaly-200x200.jpg\" alt=\"\" width=\"200\" height=\"200\" \/><\/a><a href=\"http:\/\/tabor.ywam.sk\/2017\/wp-content\/uploads\/pribeh-akcia-zastavka.jpg\" rel=\"lightbox[9]\"><img loading=\"lazy\" decoding=\"async\" class=\"alignnone size-thumbnail wp-image-40\" src=\"http:\/\/tabor.ywam.sk\/2017\/wp-content\/uploads\/pribeh-akcia-zastavka-200x200.jpg\" alt=\"\" width=\"200\" height=\"200\" \/><\/a><\/p>\n<p><strong>2014<\/strong> \u2013 \u201et\u00e1borov\u00e9 deti\u201c rast\u00fa, a\u00a0tak pripravujeme \u0161peci\u00e1lny program pre teenagerov \u2013 s\u00a0mno\u017estvom teenagersk\u00fdch aktiv\u00edt aj s vlastn\u00fdm re\u010dn\u00edkom<\/p>\n<p><a href=\"http:\/\/tabor.ywam.sk\/2017\/wp-content\/uploads\/pribeh-teenegeri.jpg\" rel=\"lightbox[9]\"><img loading=\"lazy\" decoding=\"async\" class=\"alignleft wp-image-41 size-thumbnail\" src=\"http:\/\/tabor.ywam.sk\/2017\/wp-content\/uploads\/pribeh-teenegeri-200x200.jpg\" alt=\"\" width=\"200\" height=\"200\" \/><\/a><a href=\"http:\/\/tabor.ywam.sk\/2017\/wp-content\/uploads\/pribeh-program.jpg\" rel=\"lightbox[9]\"><img loading=\"lazy\" decoding=\"async\" class=\"alignnone size-thumbnail wp-image-42\" src=\"http:\/\/tabor.ywam.sk\/2017\/wp-content\/uploads\/pribeh-program-200x200.jpg\" alt=\"\" width=\"200\" height=\"200\" \/><\/a><\/p>\n<p>Po\u010das uplynul\u00fdch 19-tich rokov bolo zorganizovan\u00fdch 37 kempov v\u00a010-tich r\u00f4znych lokalit\u00e1ch pre asi 1000 rod\u00edn.<\/p>\n<p><strong>2017<\/strong> \u2013 Osl\u00e1vte s\u00a0nami 20-ty ro\u010dn\u00edk rodinn\u00fdch t\u00e1borov na Slovensku!<\/p>\n","protected":false},"excerpt":{"rendered":"<p>1998 &#8211; Boh dal v\u00edziu rodinn\u00fdch t\u00e1borov mame 2 mal\u00fdch det\u00ed Amy Rummageovej a\u00a0odpove\u010fou na t\u00fato v\u00fdzvu bol prv\u00fd rodinn\u00fd t\u00e1bor YWAM na Slovensku s\u00a0t\u00e9mou: \u201eAko nevpusti\u0165 vlka dovn\u00fatra\u201c 1999&period;&period;&period;<\/p>\n","protected":false},"author":1,"featured_media":0,"parent":0,"menu_order":2,"comment_status":"closed","ping_status":"closed","template":"","meta":{"footnotes":""},"class_list":["post-9","page","type-page","status-publish","hentry"],"_links":{"self":[{"href":"https:\/\/tabor.ywam.sk\/2017\/wp-json\/wp\/v2\/pages\/9","targetHints":{"allow":["GET"]}}],"collection":[{"href":"https:\/\/tabor.ywam.sk\/2017\/wp-json\/wp\/v2\/pages"}],"about":[{"href":"https:\/\/tabor.ywam.sk\/2017\/wp-json\/wp\/v2\/types\/page"}],"author":[{"embeddable":true,"href":"https:\/\/tabor.ywam.sk\/2017\/wp-json\/wp\/v2\/users\/1"}],"replies":[{"embeddable":true,"href":"https:\/\/tabor.ywam.sk\/2017\/wp-json\/wp\/v2\/comments?post=9"}],"version-history":[{"count":6,"href":"https:\/\/tabor.ywam.sk\/2017\/wp-json\/wp\/v2\/pages\/9\/revisions"}],"predecessor-version":[{"id":68,"href":"https:\/\/tabor.ywam.sk\/2017\/wp-json\/wp\/v2\/pages\/9\/revisions\/68"}],"wp:attachment":[{"href":"https:\/\/tabor.ywam.sk\/2017\/wp-json\/wp\/v2\/media?parent=9"}],"curies":[{"name":"wp","href":"https:\/\/api.w.org\/{rel}","templated":true}]}}