{"id":11,"date":"2017-03-11T16:50:24","date_gmt":"2017-03-11T15:50:24","guid":{"rendered":"http:\/\/tabor.ywam.sk\/2017\/?page_id=11"},"modified":"2017-03-13T17:46:22","modified_gmt":"2017-03-13T16:46:22","slug":"informacie","status":"publish","type":"page","link":"https:\/\/tabor.ywam.sk\/2017\/informacie\/","title":{"rendered":"Inform\u00e1cie"},"content":{"rendered":"<h2>Miesto a term\u00edny:<\/h2>\n<div class=\"alignright thumbs\"><a href=\"http:\/\/tabor.ywam.sk\/2016\/wp-content\/uploads\/hotel_remata.jpg\" rel=\"lightbox[11]\"><img loading=\"lazy\" decoding=\"async\" class=\"size-thumbnail wp-image-33\" src=\"http:\/\/tabor.ywam.sk\/2016\/wp-content\/uploads\/hotel_remata-240x149.jpg\" alt=\"hotel_remata\" width=\"240\" height=\"149\" \/><\/a><\/div>\n<p><strong>Miesto j\u00falov\u00fdch t\u00e1borov: <a href=\"http:\/\/www.hotel-remata.sk\/\" target=\"_blank\">hotel Remata***,\u00a0R\u00e1zto\u010dno, Handlov\u00e1<\/a><\/strong><br \/>\n<strong>1. TURNUS : 16. &#8211; 22. j\u00fal <\/strong><br \/>\n<strong><em>Re\u010dn\u00edci: Robert a Amy Rummage<\/em> &#8211; <\/strong><em>zakladatelia YWAM rodinn\u00fdch t\u00e1borov na Slovensku<\/em><\/p>\n<p><strong>2. TURNUS : 23. &#8211; 29. j\u00fal<br \/>\n<\/strong><em>(t\u00e1bor pre rodiny de\u0165mi ak\u00e9hoko\u013evek veku, pre teenagerov od 13 rokov bude pripraven\u00fd \u0161peci\u00e1lny program)<\/em><em><strong><br \/>\n<\/strong><\/em><em><strong>Re\u010dn\u00edci: <\/strong><\/em><em><strong>Robert a Amy Rummage<\/strong> &#8211; zakladatelia YWAM rodinn\u00fdch t\u00e1borov na Slovensku.\u00a0<\/em><\/p>\n<p><em><strong>T\u00edned\u017eeri bud\u00fa ma\u0165 v r\u00e1mci programu vlastn\u00e9ho re\u010dn\u00edka.\u00a0<\/strong><\/em><\/p>\n<div class=\"alignright thumbs\"><a href=\"http:\/\/tabor.ywam.sk\/2015\/wp-content\/uploads\/drotar1.jpg\" rel=\"lightbox[11]\"><img loading=\"lazy\" decoding=\"async\" class=\"wp-image-40 size-thumbnail\" src=\"http:\/\/tabor.ywam.sk\/2015\/wp-content\/uploads\/drotar1-240x180.jpg\" alt=\"drotar1\" width=\"120\" height=\"90\" \/><\/a><a href=\"http:\/\/tabor.ywam.sk\/2015\/wp-content\/uploads\/drotar2.jpg\" rel=\"lightbox[11]\"><img loading=\"lazy\" decoding=\"async\" class=\"size-thumbnail wp-image-41\" src=\"http:\/\/tabor.ywam.sk\/2015\/wp-content\/uploads\/drotar2-240x180.jpg\" alt=\"drotar2\" width=\"120\" height=\"90\" \/><\/a><\/div>\n<p><strong>Miesto augustov\u00e9ho t\u00e1bora: <a href=\"http:\/\/web.stonline.sk\/hoteldrotar\/\" target=\"_blank\">hotel Drot\u00e1r, Hronec<\/a><\/strong><br \/>\n<strong>3. TURNUS : 13. &#8211; 19. august<br \/>\n<\/strong><em><strong>Re\u010dn\u00edci: Steve a Jo Kilbry, Vlado a Ren\u00e1ta Sochorovci, Ad a Ingela de Bruin<\/strong> &#8211; \u201eslovensk\u00ed\u201c ywam-\u00e1ci, ktor\u00ed prevzali \u0161tafetu rodinn\u00fdch t\u00e1borov od Rummageovcov<\/em><\/p>\n<p>&nbsp;<\/p>\n<h2>Ubytovanie a cena:<\/h2>\n<h3><strong>Hotel Remata &#8211; ubytovanie a cena:<\/strong><\/h3>\n<p>Zariadenie Remata pon\u00faka r\u00f4zne kateg\u00f3rie ubytovania \u2013 v\u00a0hoteli v\u00a02 a\u017e 4-l\u00f4\u017ekov\u00fdch izb\u00e1ch alebo v\u00a0apartm\u00e1noch, v\u00a02 a\u017e 4-l\u00f4\u017ekov\u00fdch chatk\u00e1ch a\u00a0v\u00a0turistickej ubytovni s\u00a02 a\u017e 4-l\u00f4\u017ekov\u00fdmi izbami s\u00a0poschodov\u00fdmi poste\u013eami a\u00a0spolo\u010dn\u00fdm soci\u00e1lnym zariaden\u00edm na chodbe.<\/p>\n<p><u><\/u><strong>Cena v\u00a0hoteli <\/strong>(2 a\u017e 4-l\u00f4\u017ekov\u00e9 izby)<strong>:\u00a0<\/strong><\/p>\n<ul>\n<li><strong>180\u20ac\u00a0<\/strong>&#8211; dospel\u00fd<\/li>\n<li><strong>145\u20ac<\/strong>\u00a0&#8211; die\u0165a od 12 rokov (dospel\u00e1 porcia)<\/li>\n<li><strong>120\u20ac<\/strong>\u00a0&#8211; die\u0165a do 11 rokov vr\u00e1tane (detsk\u00e1 porcia)<\/li>\n<li><strong>25\u20ac<\/strong>\u00a0&#8211; die\u0165a do 3\u00a0rokov vr\u00e1tane (bez n\u00e1roku na stravu a\u00a0l\u00f4\u017eko)<\/li>\n<li><strong>60\u20ac<\/strong>\u00a0&#8211;\u00a0pes<\/li>\n<\/ul>\n<p>Pokia\u013e m\u00e1te z\u00e1ujem o\u00a0ubytovanie v\u00a0apartm\u00e1ne, pr\u00edpadne chcete by\u0165 ubytovan\u00ed v\u00a02 izb\u00e1ch, doplatok pre rodinu je 100\u20ac.<\/p>\n<p><strong>Cena v chatk\u00e1ch <\/strong>(po\u010det l\u00f4\u017eok 2 a\u017e 4)<strong>:<\/strong><\/p>\n<ul>\n<li><strong>165\u20ac<\/strong>\u00a0&#8211; dospel\u00fd<\/li>\n<li><strong>135\u20ac<\/strong>\u00a0&#8211; die\u0165a od 12 rokov (dospel\u00e1 porcia)<\/li>\n<li><strong>110\u20ac<\/strong>\u00a0&#8211; die\u0165a do 11 rokov vr\u00e1tane (detsk\u00e1 porcia)<\/li>\n<li><strong>25\u20ac<\/strong>\u00a0&#8211; die\u0165a do 3\u00a0rokov vr\u00e1tane (bez n\u00e1roku na stravu a\u00a0l\u00f4\u017eko)<\/li>\n<li><strong>60\u20ac<\/strong>\u00a0&#8211;\u00a0pes<\/li>\n<\/ul>\n<p><strong>Cena v turistickej ubytovni\u00a0<\/strong>(ubytovanie v\u00a02 a\u017e 4 &#8211; l\u00f4\u017ekov\u00fdch izb\u00e1ch s\u00a0poschodov\u00fdmi poste\u013eami a\u00a0spolo\u010dn\u00fdm soci\u00e1lnym zariaden\u00edm)<strong>:<\/strong><\/p>\n<ul>\n<li><strong>150\u20ac<\/strong>\u00a0&#8211; dospel\u00fd<\/li>\n<li><strong>120\u20ac<\/strong>\u00a0&#8211; die\u0165a od 12 rokov (dospel\u00e1 porcia)<\/li>\n<li><strong>100\u20ac<\/strong>\u00a0&#8211; die\u0165a do 11 rokov vr\u00e1tane (detsk\u00e1 porcia)<\/li>\n<li><strong>25\u20ac<\/strong>\u00a0&#8211; die\u0165a do 3\u00a0rokov vr\u00e1tane (bez n\u00e1roku na stravu a\u00a0l\u00f4\u017eko)<\/li>\n<\/ul>\n<p>V\u00a0pr\u00edpade, \u017ee m\u00e1te z\u00e1ujem o\u00a0stravu alebo l\u00f4\u017eko pre die\u0165a mlad\u0161ie ako 3 roky, uve\u010fte to v pozn\u00e1mke v\u00a0prihl\u00e1\u0161ke \u2013 cenu uprav\u00edme pod\u013ea va\u0161ich po\u017eiadaviek.<\/p>\n<p>&nbsp;<\/p>\n<h3><strong>Hotel Drot\u00e1r &#8211; ubytovanie a cena:<\/strong><\/h3>\n<p>Ubytovanie: v 2\u20134 l\u00f4\u017ekov\u00fdch izb\u00e1ch v\u00a0hoteli alebo v\u00a06-miestnych chatk\u00e1ch. Ka\u017ed\u00e1 chatka m\u00e1 vlastn\u00e9 soci\u00e1lne zariadenie, v\u00a0hoteli je spolo\u010dn\u00e9 soci\u00e1lne zariadenie pre 2 rodiny na bunke.<\/p>\n<p><strong>Ceny za ubytovanie:<\/strong><\/p>\n<ul>\n<li><strong>155\u20ac<\/strong>\u00a0\u2013 dospel\u00fd<\/li>\n<li><strong>130\u20ac<\/strong>\u00a0\u2013\u00a0die\u0165a od\u00a012 rokov (dospel\u00e1 porcia)<\/li>\n<li><strong>110\u20ac<\/strong>\u00a0\u2013\u00a0die\u0165a do 11 rokov vr\u00e1tane (detsk\u00e1 porcia)<\/li>\n<li><strong>\u00a0 25\u20ac<\/strong>\u00a0\u2013\u00a0die\u0165a do 3\u00a0rokov vr\u00e1tane (bez n\u00e1roku na stravu a l\u00f4\u017eko)<\/li>\n<li><strong>\u00a0 10\u20ac<\/strong>\u00a0\u2013\u00a0poplatok za psa.<\/li>\n<\/ul>\n<p><span style=\"line-height: 1.75em;\">V\u00a0pr\u00edpade, \u017ee m\u00e1te z\u00e1ujem o\u00a0stravu alebo l\u00f4\u017eko pre die\u0165a mlad\u0161ie ako 3 roky, uve\u010fte to v pozn\u00e1mke v\u00a0prihl\u00e1\u0161ke \u2013 cenu uprav\u00edme pod\u013ea va\u0161ich po\u017eiadaviek.<\/span><\/p>\n<h3><\/h3>\n<p><em>V\u00a0cene v\u0161etk\u00fdch turnusov je ubytovanie na 6 noc\u00ed, pln\u00e1 penzia, desiata pre deti, ob\u010derstvenie, podklady k predn\u00e1\u0161kam, materi\u00e1ly pre detsk\u00fd program, spolo\u010dn\u00e9 priestory, \u0161portovisk\u00e1, <b>v Remate &#8211; baz\u00e9ny<\/b>, pr\u00edspevok predn\u00e1\u0161aj\u00facim.<\/em><\/p>\n<p><strong>O\u00a0sp\u00f4sobe platby V\u00e1s budeme informova\u0165 po prijat\u00ed Va\u0161ej prihl\u00e1\u0161ky.<\/strong><\/p>\n<p>&nbsp;<\/p>\n<h2>Re\u010dn\u00edci<\/h2>\n<h3>Robert a Amy Rummage<\/h3>\n<p><a href=\"http:\/\/tabor.ywam.sk\/2017\/wp-content\/uploads\/recnici-rummage.jpg\" rel=\"lightbox[11]\"><img loading=\"lazy\" decoding=\"async\" class=\"alignnone size-medium wp-image-47\" src=\"http:\/\/tabor.ywam.sk\/2017\/wp-content\/uploads\/recnici-rummage-300x200.jpg\" alt=\"\" width=\"300\" height=\"200\" srcset=\"https:\/\/tabor.ywam.sk\/2017\/wp-content\/uploads\/recnici-rummage-300x200.jpg 300w, https:\/\/tabor.ywam.sk\/2017\/wp-content\/uploads\/recnici-rummage-768x512.jpg 768w, https:\/\/tabor.ywam.sk\/2017\/wp-content\/uploads\/recnici-rummage.jpg 960w\" sizes=\"auto, (max-width: 300px) 100vw, 300px\" \/><\/a><\/p>\n<h3>Steve a Jo Kilbry<\/h3>\n<p><a href=\"http:\/\/tabor.ywam.sk\/2017\/wp-content\/uploads\/recnici-kilbri.jpg\" rel=\"lightbox[11]\"><img loading=\"lazy\" decoding=\"async\" class=\"alignnone size-medium wp-image-48\" src=\"http:\/\/tabor.ywam.sk\/2017\/wp-content\/uploads\/recnici-kilbri-300x137.jpg\" alt=\"\" width=\"300\" height=\"137\" srcset=\"https:\/\/tabor.ywam.sk\/2017\/wp-content\/uploads\/recnici-kilbri-300x137.jpg 300w, https:\/\/tabor.ywam.sk\/2017\/wp-content\/uploads\/recnici-kilbri-768x350.jpg 768w, https:\/\/tabor.ywam.sk\/2017\/wp-content\/uploads\/recnici-kilbri.jpg 813w\" sizes=\"auto, (max-width: 300px) 100vw, 300px\" \/><\/a><\/p>\n<h3>Vlado a Ren\u00e1ta Sochorovci<\/h3>\n<p><a href=\"http:\/\/tabor.ywam.sk\/2017\/wp-content\/uploads\/recnici-sochorovci.jpg\" rel=\"lightbox[11]\"><img loading=\"lazy\" decoding=\"async\" class=\"alignnone size-medium wp-image-49\" src=\"http:\/\/tabor.ywam.sk\/2017\/wp-content\/uploads\/recnici-sochorovci-300x169.jpg\" alt=\"\" width=\"300\" height=\"169\" srcset=\"https:\/\/tabor.ywam.sk\/2017\/wp-content\/uploads\/recnici-sochorovci-300x169.jpg 300w, https:\/\/tabor.ywam.sk\/2017\/wp-content\/uploads\/recnici-sochorovci-768x432.jpg 768w, https:\/\/tabor.ywam.sk\/2017\/wp-content\/uploads\/recnici-sochorovci.jpg 800w\" sizes=\"auto, (max-width: 300px) 100vw, 300px\" \/><\/a><\/p>\n<h3>\u00a0Ad a Ingela de Bruin<\/h3>\n<p><a href=\"http:\/\/tabor.ywam.sk\/2017\/wp-content\/uploads\/recnici-debruin.jpg\" rel=\"lightbox[11]\"><img loading=\"lazy\" decoding=\"async\" class=\"alignnone size-medium wp-image-64\" src=\"http:\/\/tabor.ywam.sk\/2017\/wp-content\/uploads\/recnici-debruin-300x200.jpg\" alt=\"\" width=\"300\" height=\"200\" srcset=\"https:\/\/tabor.ywam.sk\/2017\/wp-content\/uploads\/recnici-debruin-300x200.jpg 300w, https:\/\/tabor.ywam.sk\/2017\/wp-content\/uploads\/recnici-debruin-768x512.jpg 768w, https:\/\/tabor.ywam.sk\/2017\/wp-content\/uploads\/recnici-debruin-1024x683.jpg 1024w, https:\/\/tabor.ywam.sk\/2017\/wp-content\/uploads\/recnici-debruin.jpg 1217w\" sizes=\"auto, (max-width: 300px) 100vw, 300px\" \/><\/a><\/p>\n","protected":false},"excerpt":{"rendered":"<p>Miesto a term\u00edny: Miesto j\u00falov\u00fdch t\u00e1borov: hotel Remata***,\u00a0R\u00e1zto\u010dno, Handlov\u00e1 1. TURNUS : 16. &#8211; 22. j\u00fal Re\u010dn\u00edci: Robert a Amy Rummage &#8211; zakladatelia YWAM rodinn\u00fdch t\u00e1borov na Slovensku 2. TURNUS&period;&period;&period;<\/p>\n","protected":false},"author":1,"featured_media":0,"parent":0,"menu_order":3,"comment_status":"closed","ping_status":"closed","template":"","meta":{"footnotes":""},"class_list":["post-11","page","type-page","status-publish","hentry"],"_links":{"self":[{"href":"https:\/\/tabor.ywam.sk\/2017\/wp-json\/wp\/v2\/pages\/11","targetHints":{"allow":["GET"]}}],"collection":[{"href":"https:\/\/tabor.ywam.sk\/2017\/wp-json\/wp\/v2\/pages"}],"about":[{"href":"https:\/\/tabor.ywam.sk\/2017\/wp-json\/wp\/v2\/types\/page"}],"author":[{"embeddable":true,"href":"https:\/\/tabor.ywam.sk\/2017\/wp-json\/wp\/v2\/users\/1"}],"replies":[{"embeddable":true,"href":"https:\/\/tabor.ywam.sk\/2017\/wp-json\/wp\/v2\/comments?post=11"}],"version-history":[{"count":8,"href":"https:\/\/tabor.ywam.sk\/2017\/wp-json\/wp\/v2\/pages\/11\/revisions"}],"predecessor-version":[{"id":65,"href":"https:\/\/tabor.ywam.sk\/2017\/wp-json\/wp\/v2\/pages\/11\/revisions\/65"}],"wp:attachment":[{"href":"https:\/\/tabor.ywam.sk\/2017\/wp-json\/wp\/v2\/media?parent=11"}],"curies":[{"name":"wp","href":"https:\/\/api.w.org\/{rel}","templated":true}]}}