{"id":9,"date":"2015-01-23T23:59:14","date_gmt":"2015-01-23T23:59:14","guid":{"rendered":"http:\/\/tabor.ywam.sk\/2015\/?page_id=9"},"modified":"2015-03-04T21:50:25","modified_gmt":"2015-03-04T21:50:25","slug":"pribeh","status":"publish","type":"page","link":"https:\/\/tabor.ywam.sk\/2015\/pribeh\/","title":{"rendered":"Pr\u00edbeh"},"content":{"rendered":"<h2>Pr\u00edbeh o\u00a0Jozefovi<\/h2>\n<p>Abrah\u00e1m mal syna Iz\u00e1ka a Iz\u00e1k mal syna Ezaua a\u00a0Jakuba. Jakub mal dvan\u00e1s\u0165 synov, jeden z\u00a0nich sa volal Jozef. Otec ho mal ve\u013emi r\u00e1d a dokonca mu d\u00e1val prednos\u0165 pred ostatn\u00fdmi bratmi, \u010do sa im nep\u00e1\u010dilo a\u00a0za\u010dali na Jozefa \u017eiarli\u0165. Jedn\u00e9ho d\u0148a Jozef dostal od otca n\u00e1dhern\u00fd pestrofarebn\u00fd pl\u00e1\u0161\u0165.\u00a0 A Jozefovi bratia mali o d\u00f4vod viac na svojho brata \u017eiarli\u0165.<\/p>\n<p>Jozef bol zvl\u00e1\u0161tny chlapec. M\u00e1val nezvy\u010dajn\u00e9, no v\u00fdznamn\u00e9 sny. Raz sa mu sn\u00edvalo, \u017ee je s\u00a0bratmi na poli a\u00a0spolu via\u017eu snopy.\u00a0 Zrazu sa snopy bratov za\u010dali jeho snopu kla\u0148a\u0165. Jozef tento sen vyrozpr\u00e1val star\u0161\u00edm bratom. \u201eZnamen\u00e1 to sn\u00e1\u010f, \u017ee bude\u0161 nad nami kra\u013eova\u0165?\u201c, hnevali sa. Zdalo sa im, \u017ee sa Jozef nad nich vyvy\u0161uje.<\/p>\n<p>Jedn\u00e9ho d\u0148a star\u0161\u00ed bratia p\u00e1sli ovce. Otec poslal Jozefa, aby ich \u0161iel skontrolova\u0165. Ke\u010f ho bratia zbadali, povedali si, \u017ee je to dobr\u00e1 pr\u00edle\u017eitos\u0165 zbavi\u0165 sa ho. Nemilosrdne ho hodili do hlbokej vyschnutej studne. Onedlho i\u0161la okolo karav\u00e1na a\u00a0bratia sa rozhodli, \u017ee im Jozefa predaj\u00fa ako otroka. \u00a0A\u00a0ako sa rozhodli,\u00a0tak aj urobili. Jeho oble\u010denie roztrhali a namo\u010dili v zvieracej krvi. Svojmu otcovi potom povedali, \u017ee Jozefa roztrhala div\u00e1 zver.<\/p>\n<p>Ke\u010f karav\u00e1na dorazila do Egypta, Jozefa predali Putifarovi, velite\u013eovi fara\u00f3novej str\u00e1\u017ee. Ten si r\u00fdchlo v\u0161imol, \u017ee je Jozef bystr\u00fd a \u0161ikovn\u00fd a \u017ee mu Boh d\u00e1va \u00faspech vo v\u0161etkom, \u010do rob\u00ed. Urobil z\u00a0neho preto spr\u00e1vcu svojho domu. Po nejakom \u010dase ho v\u0161ak Putifarova \u017eena falo\u0161ne obvinila a\u00a0Jozefa zatvorili do v\u00e4zenia. No ani vo v\u00e4zen\u00ed Jozef neprest\u00e1val veri\u0165, \u017ee sa jeho sny naplnia. Navy\u0161e na \u0148om znovu bolo vidie\u0165, \u017ee je Boh s\u00a0n\u00edm. Boli tam tie\u017e \u010fal\u0161\u00ed ods\u00faden\u00ed, ktor\u00fdm vysvetlil, \u010do ich sny znamenaj\u00fa. Jeho v\u00fdklad sa do poslednej bodky vyplnil. Jedn\u00e9mu z\u00a0v\u00e4z\u0148ov dali milos\u0165 a\u00a0vr\u00e1til sa k svojej pr\u00e1ci kr\u00e1\u013eovsk\u00e9ho \u010da\u0161n\u00edka. Presne tak, ako mu to Jozef predpovedal.<\/p>\n<p>Po nejakom \u010dase sa stalo, \u017ee fara\u00f3n mal sen, ktor\u00fd ho ve\u013emi znepokojil. Sn\u00edvalo sa mu, ako na poli \u00a0vyr\u00e1stlo sedem \u00a0kr\u00e1snych pln\u00fdch klasov obilia. Po nich vyr\u00e1stlo sedem tenk\u00fdch zoschnut\u00fdch klasov. Tie tenk\u00e9 potom pohltili t\u00fdch sedem pekn\u00fdch klasov. Fara\u00f3n chcel vedie\u0165, \u010do sen znamen\u00e1, ale \u017eiaden z\u00a0jeho u\u010dencov mu na to nevedel \u00a0odpoveda\u0165. \u00a0Vtedy si fara\u00f3nov \u010da\u0161n\u00edk spomenul na Jozefa z\u00a0v\u00e4zenia, ktor\u00fd mu kedysi vylo\u017eil jeho sen. Poradil teda fara\u00f3novi, nech to s\u00a0Jozefom sk\u00fasi.<\/p>\n<p>Fara\u00f3n si nechal Jozefa predvies\u0165, aby mu vylo\u017eil sen. To, \u010do po\u010dul, ho prekvapilo. \u201ePrich\u00e1dza sedem rokov ve\u013ekej hojnosti v\u00a0celej egyptskej krajine. Po nich v\u0161ak pr\u00edde sedem rokov hladu, ktor\u00fd krajinu \u00faplne zni\u010d\u00ed\u201c. \u201e\u010co m\u00e1m ale urobi\u0165?\u201c vydesil sa fara\u00f3n. \u201eN\u00e1jdi v svojej zemi sk\u00fasen\u00e9ho a m\u00fadreho mu\u017ea, ktor\u00fd bude po sedem rokov v hojnosti uklada\u0165 obilie do kr\u00e1\u013eovsk\u00fdch s\u00fdpok. Ke\u010f potom pr\u00eddu ne\u00farodn\u00e9 roky, krajina nebude hladova\u0165.\u201c<\/p>\n<p>Na fara\u00f3na urobili Jozefove slov\u00e1 dojem. Videl, \u017ee Boh dal Jozefovi ve\u013ek\u00fa m\u00fadros\u0165. Rozhodol sa preto, \u017ee pr\u00e1ve jemu zver\u00ed spr\u00e1vu celej egyptskej r\u00ed\u0161e.<\/p>\n<p>Roky plynuli a v\u0161etko sa vyplnilo tak, ako Jozef povedal. Po siedmich rokoch bohatej \u00farody\u00a0 pri\u0161lo sucho a\u00a0na poliach sa ni\u010d neurodilo. Egypt v\u0161ak v\u010faka Jozefovej m\u00fadrosti nehladoval. V\u00a0okolit\u00fdch krajin\u00e1ch v\u0161ak nebolo \u010do jes\u0165. Kto chcel obilie, musel ho k\u00fapi\u0165 v\u00a0Egypte. Vtedy Jakub povedal svojim synom, aby sa aj oni vydali do Egypta a nak\u00fapili obilie, inak cel\u00e1 rodina zomrie od hladu.<\/p>\n<p>Ke\u010f bratia pri\u0161li do Egypta, Jozefa v\u00f4bec nespoznali. On v\u0161ak hne\u010f vedel, kto pred n\u00edm stoj\u00ed. Rozhodol sa, \u017ee svojich bratov vysk\u00fa\u0161a. Predal im obilie, ale do vreca svojho najmlad\u0161ieho brata Benjam\u00edna dal schova\u0165 svoj kalich. Ke\u010f bratia vyrazili na cestu domov, dal ich prenasledova\u0165 a privies\u0165 sp\u00e4\u0165 s\u00a0t\u00fdm, \u017ee h\u013ead\u00e1 kalich. Ke\u010f sa Jozefovi du\u0161ovali, \u017ee kalich nikto z\u00a0nich neukradol, prik\u00e1zal Jozef preh\u013eada\u0165 ich veci. U\u00a0Benjam\u00edna sa kalich na\u0161iel. Jozef sa naoko rozhneval a povedal, \u017ee Benjam\u00edn mus\u00ed za trest zosta\u0165 u\u0148ho v\u00a0Egypte ako jeho otrok.<\/p>\n<p>Jeden z\u00a0bratov ho za\u010dal prosi\u0165: \u201eN\u00e1\u0161 otec by zomrel od \u017eia\u013eu, keby sa Benjam\u00ednovi nie\u010do stalo. Pri\u0161iel u\u017e o jedn\u00e9ho syna. Nechaj si tu rad\u0161ej miesto neho m\u0148a.\u201c Ke\u010f to Jozef po\u010dul, vedel, \u017ee sa jeho bratia skuto\u010dne zmenili. Rozplakal sa a\u00a0povedal im: \u201eSom Jozef, v\u00e1\u0161 brat, ktor\u00e9ho ste predali do Egypta.\u201c Bratia sa vydesili. \u010co s\u00a0nimi teraz urob\u00ed? Ale Jozef im povedal:\u201c Netr\u00e1pte sa. To \u010do ste zam\u00fd\u0161\u013eali ako zlo, Boh obr\u00e1til na\u00a0dobr\u00e9. V\u010faka tomu, \u017ee som tu, m\u00f4\u017ee by\u0165 zachr\u00e1nen\u00e1 cel\u00e1 na\u0161a rodina.\u201c<\/p>\n<p>Padol si s\u00a0bratmi okolo krku a\u00a0v\u0161etko im odpustil. Bratia potom priviedli cel\u00e9 svoje rodiny a\u00a0tie\u017e svojho otca Jakuba. Ten bol \u0161\u0165astn\u00fd, \u017ee sa mohol e\u0161te pred svojou smr\u0165ou stretn\u00fa\u0165 so svoj\u00edm milovan\u00fdm synom Jozefom a \u017ee sa jeho synovia zmierili. Cel\u00e1 rodina sa potom usadila v\u00a0Egypte, v\u00a0oblasti zvanej Go\u0161en.<\/p>\n<p>&nbsp;<\/p>\n<p><iframe loading=\"lazy\" src=\"https:\/\/www.youtube-nocookie.com\/embed\/NtylgOhW4yo?rel=0\" width=\"640\" height=\"360\" frameborder=\"0\" allowfullscreen=\"allowfullscreen\"><\/iframe><\/p>\n","protected":false},"excerpt":{"rendered":"<p>Pr\u00edbeh o\u00a0Jozefovi Abrah\u00e1m mal syna Iz\u00e1ka a Iz\u00e1k mal syna Ezaua a\u00a0Jakuba. Jakub mal dvan\u00e1s\u0165 synov, jeden z\u00a0nich sa volal Jozef. Otec ho mal ve\u013emi r\u00e1d a dokonca mu d\u00e1val <a class=\"more-link\" href=\"https:\/\/tabor.ywam.sk\/2015\/pribeh\/\">[ . . . ]<\/a><\/p>\n","protected":false},"author":1,"featured_media":0,"parent":0,"menu_order":30,"comment_status":"closed","ping_status":"closed","template":"","meta":{"footnotes":""},"class_list":["post-9","page","type-page","status-publish","hentry"],"_links":{"self":[{"href":"https:\/\/tabor.ywam.sk\/2015\/wp-json\/wp\/v2\/pages\/9","targetHints":{"allow":["GET"]}}],"collection":[{"href":"https:\/\/tabor.ywam.sk\/2015\/wp-json\/wp\/v2\/pages"}],"about":[{"href":"https:\/\/tabor.ywam.sk\/2015\/wp-json\/wp\/v2\/types\/page"}],"author":[{"embeddable":true,"href":"https:\/\/tabor.ywam.sk\/2015\/wp-json\/wp\/v2\/users\/1"}],"replies":[{"embeddable":true,"href":"https:\/\/tabor.ywam.sk\/2015\/wp-json\/wp\/v2\/comments?post=9"}],"version-history":[{"count":5,"href":"https:\/\/tabor.ywam.sk\/2015\/wp-json\/wp\/v2\/pages\/9\/revisions"}],"predecessor-version":[{"id":33,"href":"https:\/\/tabor.ywam.sk\/2015\/wp-json\/wp\/v2\/pages\/9\/revisions\/33"}],"wp:attachment":[{"href":"https:\/\/tabor.ywam.sk\/2015\/wp-json\/wp\/v2\/media?parent=9"}],"curies":[{"name":"wp","href":"https:\/\/api.w.org\/{rel}","templated":true}]}}