{"id":7,"date":"2015-01-23T23:58:41","date_gmt":"2015-01-23T23:58:41","guid":{"rendered":"http:\/\/tabor.ywam.sk\/2015\/?page_id=7"},"modified":"2015-03-03T23:00:50","modified_gmt":"2015-03-03T23:00:50","slug":"tema","status":"publish","type":"page","link":"https:\/\/tabor.ywam.sk\/2015\/tema\/","title":{"rendered":"T\u00e9ma"},"content":{"rendered":"<h2>Z JAMY DO PAL\u00c1CA<\/h2>\n<p>Tento rok sa budeme u\u010di\u0165 zo \u017eivotn\u00fdch sk\u00fasenost\u00ed J\u00e1kobovho syna Jozefa, ktor\u00fd si naozaj pre\u0161iel v\u0161eli\u010d\u00edm&#8230; a veru nie v\u0161etko bolo iba \u013eahk\u00e9 a pr\u00edjemn\u00e9. Budeme rozm\u00fd\u0161\u013ea\u0165 o\u00a0tom, ako zareagova\u0165 v situ\u00e1ci\u00e1ch, ke\u010f okolnosti \u017eivota nejd\u00fa tak, ako sme si predstavovali. Pri Jozefovi vid\u00edme, ak\u00e9 je d\u00f4le\u017eit\u00e9 rozozna\u0165 sk\u00fa\u0161ky od poku\u0161en\u00ed a tie\u017e, \u017ee je naozaj k\u013e\u00fa\u010dov\u00e9, ako s nimi nalo\u017e\u00edme. Od neho sa m\u00f4\u017eeme in\u0161pirova\u0165 aj vo vz\u0165ahoch\u00a0 s pr\u00edbuzn\u00fdmi. Je a\u017e neuverite\u013en\u00e9, ak\u00fd nad\u010dasov\u00fd a aktu\u00e1lny je tento prastar\u00fd pr\u00edbeh. \u010co je v \u0148om ukryt\u00e9 pre teba a tvoju rodinu &#8230;?<\/p>\n","protected":false},"excerpt":{"rendered":"<p>Z JAMY DO PAL\u00c1CA Tento rok sa budeme u\u010di\u0165 zo \u017eivotn\u00fdch sk\u00fasenost\u00ed J\u00e1kobovho syna Jozefa, ktor\u00fd si naozaj pre\u0161iel v\u0161eli\u010d\u00edm&#8230; a veru nie v\u0161etko bolo iba \u013eahk\u00e9 a pr\u00edjemn\u00e9. Budeme <a class=\"more-link\" href=\"https:\/\/tabor.ywam.sk\/2015\/tema\/\">[ . . . ]<\/a><\/p>\n","protected":false},"author":1,"featured_media":0,"parent":0,"menu_order":10,"comment_status":"closed","ping_status":"closed","template":"","meta":{"footnotes":""},"class_list":["post-7","page","type-page","status-publish","hentry"],"_links":{"self":[{"href":"https:\/\/tabor.ywam.sk\/2015\/wp-json\/wp\/v2\/pages\/7","targetHints":{"allow":["GET"]}}],"collection":[{"href":"https:\/\/tabor.ywam.sk\/2015\/wp-json\/wp\/v2\/pages"}],"about":[{"href":"https:\/\/tabor.ywam.sk\/2015\/wp-json\/wp\/v2\/types\/page"}],"author":[{"embeddable":true,"href":"https:\/\/tabor.ywam.sk\/2015\/wp-json\/wp\/v2\/users\/1"}],"replies":[{"embeddable":true,"href":"https:\/\/tabor.ywam.sk\/2015\/wp-json\/wp\/v2\/comments?post=7"}],"version-history":[{"count":3,"href":"https:\/\/tabor.ywam.sk\/2015\/wp-json\/wp\/v2\/pages\/7\/revisions"}],"predecessor-version":[{"id":21,"href":"https:\/\/tabor.ywam.sk\/2015\/wp-json\/wp\/v2\/pages\/7\/revisions\/21"}],"wp:attachment":[{"href":"https:\/\/tabor.ywam.sk\/2015\/wp-json\/wp\/v2\/media?parent=7"}],"curies":[{"name":"wp","href":"https:\/\/api.w.org\/{rel}","templated":true}]}}