{"id":57,"date":"2015-10-09T20:29:17","date_gmt":"2015-10-09T20:29:17","guid":{"rendered":"http:\/\/tabor.ywam.sk\/2015\/?page_id=57"},"modified":"2015-10-12T18:28:47","modified_gmt":"2015-10-12T18:28:47","slug":"co-sme-spolu-zazili","status":"publish","type":"page","link":"https:\/\/tabor.ywam.sk\/2015\/co-sme-spolu-zazili\/","title":{"rendered":"\u010co sme spolu za\u017eili"},"content":{"rendered":"<p>Ka\u017ed\u00fd turnus m\u00e1 svoje heslo, ktor\u00e9 sme v\u00e1m poslali. Po otvoren\u00ed svojho turnusu zadajte toto heslo a zobrazia sa v\u00e1m nahr\u00e1vky predn\u00e1\u0161ok, fotky, vide\u00e1,&#8230;.<\/p>\n<ul>\n<li><a href=\"http:\/\/tabor.ywam.sk\/2015\/co-sme-spolu-zazili\/1-turnus\/\">1. TURNUS : 12. \u2013 18. j\u00fal<\/a><\/li>\n<li><a href=\"http:\/\/tabor.ywam.sk\/2015\/co-sme-spolu-zazili\/2-turnus\/\">2. TURNUS : 19. \u2013 25. j\u00fal<\/a><\/li>\n<li><a href=\"http:\/\/tabor.ywam.sk\/2015\/co-sme-spolu-zazili\/3-turnus\/\">3. TURNUS : 16. \u2013 22. august<\/a><\/li>\n<\/ul>\n","protected":false},"excerpt":{"rendered":"<p>Ka\u017ed\u00fd turnus m\u00e1 svoje heslo, ktor\u00e9 sme v\u00e1m poslali. Po otvoren\u00ed svojho turnusu zadajte toto heslo a zobrazia sa v\u00e1m nahr\u00e1vky predn\u00e1\u0161ok, fotky, vide\u00e1,&#8230;. 1. TURNUS : 12. \u2013 18. <a class=\"more-link\" href=\"https:\/\/tabor.ywam.sk\/2015\/co-sme-spolu-zazili\/\">[ . . . ]<\/a><\/p>\n","protected":false},"author":1,"featured_media":0,"parent":0,"menu_order":70,"comment_status":"closed","ping_status":"closed","template":"","meta":{"footnotes":""},"class_list":["post-57","page","type-page","status-publish","hentry"],"_links":{"self":[{"href":"https:\/\/tabor.ywam.sk\/2015\/wp-json\/wp\/v2\/pages\/57","targetHints":{"allow":["GET"]}}],"collection":[{"href":"https:\/\/tabor.ywam.sk\/2015\/wp-json\/wp\/v2\/pages"}],"about":[{"href":"https:\/\/tabor.ywam.sk\/2015\/wp-json\/wp\/v2\/types\/page"}],"author":[{"embeddable":true,"href":"https:\/\/tabor.ywam.sk\/2015\/wp-json\/wp\/v2\/users\/1"}],"replies":[{"embeddable":true,"href":"https:\/\/tabor.ywam.sk\/2015\/wp-json\/wp\/v2\/comments?post=57"}],"version-history":[{"count":9,"href":"https:\/\/tabor.ywam.sk\/2015\/wp-json\/wp\/v2\/pages\/57\/revisions"}],"predecessor-version":[{"id":82,"href":"https:\/\/tabor.ywam.sk\/2015\/wp-json\/wp\/v2\/pages\/57\/revisions\/82"}],"wp:attachment":[{"href":"https:\/\/tabor.ywam.sk\/2015\/wp-json\/wp\/v2\/media?parent=57"}],"curies":[{"name":"wp","href":"https:\/\/api.w.org\/{rel}","templated":true}]}}