{"id":5,"date":"2010-03-15T00:24:04","date_gmt":"2010-03-14T22:24:04","guid":{"rendered":"http:\/\/tabor.ywam.sk\/2011"},"modified":"2013-03-13T19:45:18","modified_gmt":"2013-03-13T18:45:18","slug":"tema","status":"publish","type":"page","link":"https:\/\/tabor.ywam.sk\/2013\/tema","title":{"rendered":"T\u00e9ma"},"content":{"rendered":"\r\n<p>Nasmerovanie \u017eivota na\u0161ich det\u00ed je jedna z\u00a0najd\u00f4le\u017eitej\u0161\u00edch \u00faloh rodi\u010dovstva. \u00daloha rodi\u010dov nespo\u010d\u00edva len v\u00a0nap\u013a\u0148an\u00ed fyzick\u00fdch \u010di emocion\u00e1lnych potrieb ich det\u00ed \u2013 rodi\u010dia formuj\u00fa charakter a\u00a0hodnotov\u00fd syst\u00e9m t\u00fdch, ktor\u00fdch tu maj\u00fa na nejak\u00fd \u010das zveren\u00fdch. Otec a\u00a0mama odovzd\u00e1vaj\u00fa svojim de\u0165om aj svoje postoje a\u00a0to, \u010domu veria. Rodi\u010dovstvo je oblas\u0165, kde m\u00e1me v\u00e4\u010d\u0161inou viac ot\u00e1zok ako odpoved\u00ed. Nielen\u017ee my ako rodi\u010dia sa potrebujeme zjednoti\u0165 v\u00a0tom, \u010do chceme odovzda\u0165 svojim de\u0165om, ale neust\u00e1le sa men\u00ed aj prostredie, v\u00a0ktorom \u017eijeme a\u00a0navy\u0161e ka\u017ed\u00e9 z\u00a0na\u0161ich det\u00ed je in\u00e9. To je celkom dos\u0165 faktorov, ktor\u00e9 potrebujeme zoh\u013eadni\u0165. Tou dobrou spr\u00e1vou je, \u017ee to dok\u00e1\u017eeme zvl\u00e1dnu\u0165 \u2013 a\u00a0to vtedy, ke\u010f strat\u00e9giu v\u00fdchovu svojich det\u00ed tvor\u00edme spolu so Stvorite\u013eom. \u201eMoje ovce po\u010duj\u00fa m\u00f4j hlas a\u00a0nasleduj\u00fa ma\u201c \u2013 povzbudzuje Ten, ktor\u00fd do toho cel\u00e9ho m\u00e1 \u010do poveda\u0165.<\/p>\r\n","protected":false},"excerpt":{"rendered":"Nasmerovanie \u017eivota na\u0161ich det\u00ed je jedna z\u00a0najd\u00f4le\u017eitej\u0161\u00edch \u00faloh rodi\u010dovstva. \u00daloha rodi\u010dov nespo\u010d\u00edva len v\u00a0nap\u013a\u0148an\u00ed fyzick\u00fdch \u010di emocion\u00e1lnych potrieb ich det\u00ed \u2013 rodi\u010dia formuj\u00fa charakter a\u00a0hodnotov\u00fd syst\u00e9m t\u00fdch, ktor\u00fdch tu maj\u00fa na nejak\u00fd \u010das zveren\u00fdch. Otec a\u00a0mama odovzd\u00e1vaj\u00fa svojim de\u0165om aj svoje postoje a\u00a0to, \u010domu veria. Rodi\u010dovstvo je oblas\u0165, kde m\u00e1me v\u00e4\u010d\u0161inou viac ot\u00e1zok ako odpoved\u00ed. [&hellip;]","protected":false},"author":1,"featured_media":0,"parent":0,"menu_order":20,"comment_status":"closed","ping_status":"closed","template":"","meta":{"footnotes":""},"class_list":["post-5","page","type-page","status-publish","hentry"],"_links":{"self":[{"href":"https:\/\/tabor.ywam.sk\/2013\/wp-json\/wp\/v2\/pages\/5","targetHints":{"allow":["GET"]}}],"collection":[{"href":"https:\/\/tabor.ywam.sk\/2013\/wp-json\/wp\/v2\/pages"}],"about":[{"href":"https:\/\/tabor.ywam.sk\/2013\/wp-json\/wp\/v2\/types\/page"}],"author":[{"embeddable":true,"href":"https:\/\/tabor.ywam.sk\/2013\/wp-json\/wp\/v2\/users\/1"}],"replies":[{"embeddable":true,"href":"https:\/\/tabor.ywam.sk\/2013\/wp-json\/wp\/v2\/comments?post=5"}],"version-history":[{"count":8,"href":"https:\/\/tabor.ywam.sk\/2013\/wp-json\/wp\/v2\/pages\/5\/revisions"}],"predecessor-version":[{"id":75,"href":"https:\/\/tabor.ywam.sk\/2013\/wp-json\/wp\/v2\/pages\/5\/revisions\/75"}],"wp:attachment":[{"href":"https:\/\/tabor.ywam.sk\/2013\/wp-json\/wp\/v2\/media?parent=5"}],"curies":[{"name":"wp","href":"https:\/\/api.w.org\/{rel}","templated":true}]}}