{"id":14,"date":"2010-08-22T00:26:38","date_gmt":"2010-08-21T22:26:38","guid":{"rendered":"http:\/\/tabor.ywam.sk\/2011"},"modified":"2013-03-10T15:03:23","modified_gmt":"2013-03-10T14:03:23","slug":"vyzva","status":"publish","type":"page","link":"https:\/\/tabor.ywam.sk\/2013\/vyzva","title":{"rendered":"Podpora"},"content":{"rendered":"\r\n<p>Rodinn\u00e9 t\u00e1bory YWAM s\u00fa organizovan\u00e9 dobrovo\u013en\u00edkmi, ktor\u00ed si\u00a0 t\u00e1bor hradia rovnako ako \u00fa\u010dastn\u00edci. Ke\u010f\u017ee t\u00edm detsk\u00fdch ved\u00facich tvoria v\u00e4\u010d\u0161inou \u0161tudenti, pre viacer\u00fdch z\u00a0nich to nie je jednoduch\u00e9. Tie\u017e existuj\u00fa rodiny, ktor\u00e9 by na t\u00e1bor chceli pr\u00eds\u0165, no z\u00a0finan\u010dn\u00fdch d\u00f4vodov nem\u00f4\u017eu.<\/p>\r\n<p>Ak by ste komuko\u013evek z nich chceli pom\u00f4c\u0165 z\u00fa\u010dastni\u0165 sa t\u00e1bora alebo jednoducho podpori\u0165 rodinn\u00e9 t\u00e1bory, m\u00f4\u017eete svoj finan\u010dn\u00fd pr\u00edspevok posla\u0165 na \u010d.\u00fa\u010dtu: <strong>2629748541\/1100<\/strong>. Ako variabiln\u00fd symbol uve\u010fte <strong>111213 <\/strong>a do pozn\u00e1mky nap\u00ed\u0161te \u201c<strong>DAR NA T\u00c1BOR<\/strong>\u201c, pr\u00edpadne \u201e<strong>meno konkr\u00e9tnej osoby alebo rodiny<\/strong>\u201c.<\/p>\r\n","protected":false},"excerpt":{"rendered":"Rodinn\u00e9 t\u00e1bory YWAM s\u00fa organizovan\u00e9 dobrovo\u013en\u00edkmi, ktor\u00ed si\u00a0 t\u00e1bor hradia rovnako ako \u00fa\u010dastn\u00edci. Ke\u010f\u017ee t\u00edm detsk\u00fdch ved\u00facich tvoria v\u00e4\u010d\u0161inou \u0161tudenti, pre viacer\u00fdch z\u00a0nich to nie je jednoduch\u00e9. Tie\u017e existuj\u00fa rodiny, ktor\u00e9 by na t\u00e1bor chceli pr\u00eds\u0165, no z\u00a0finan\u010dn\u00fdch d\u00f4vodov nem\u00f4\u017eu. Ak by ste komuko\u013evek z nich chceli pom\u00f4c\u0165 z\u00fa\u010dastni\u0165 sa t\u00e1bora alebo jednoducho podpori\u0165 rodinn\u00e9 [&hellip;]","protected":false},"author":1,"featured_media":0,"parent":0,"menu_order":80,"comment_status":"closed","ping_status":"closed","template":"","meta":{"footnotes":""},"class_list":["post-14","page","type-page","status-publish","hentry"],"_links":{"self":[{"href":"https:\/\/tabor.ywam.sk\/2013\/wp-json\/wp\/v2\/pages\/14","targetHints":{"allow":["GET"]}}],"collection":[{"href":"https:\/\/tabor.ywam.sk\/2013\/wp-json\/wp\/v2\/pages"}],"about":[{"href":"https:\/\/tabor.ywam.sk\/2013\/wp-json\/wp\/v2\/types\/page"}],"author":[{"embeddable":true,"href":"https:\/\/tabor.ywam.sk\/2013\/wp-json\/wp\/v2\/users\/1"}],"replies":[{"embeddable":true,"href":"https:\/\/tabor.ywam.sk\/2013\/wp-json\/wp\/v2\/comments?post=14"}],"version-history":[{"count":3,"href":"https:\/\/tabor.ywam.sk\/2013\/wp-json\/wp\/v2\/pages\/14\/revisions"}],"predecessor-version":[{"id":73,"href":"https:\/\/tabor.ywam.sk\/2013\/wp-json\/wp\/v2\/pages\/14\/revisions\/73"}],"wp:attachment":[{"href":"https:\/\/tabor.ywam.sk\/2013\/wp-json\/wp\/v2\/media?parent=14"}],"curies":[{"name":"wp","href":"https:\/\/api.w.org\/{rel}","templated":true}]}}