{"id":5,"date":"2010-02-24T22:14:28","date_gmt":"2010-02-24T22:14:28","guid":{"rendered":"http:\/\/tabor.ywam.sk\/2010\/?page_id=5"},"modified":"2010-03-05T06:55:38","modified_gmt":"2010-03-05T06:55:38","slug":"rodinny-tabor-2010","status":"publish","type":"page","link":"https:\/\/tabor.ywam.sk\/2010\/","title":{"rendered":"Rodinn\u00e9 t\u00e1bory YWAM"},"content":{"rendered":"\r\n<p>Medzin\u00e1rodn\u00e9  kres\u0165ansk\u00e9 t\u00e1bory organizovan\u00e9 Ml\u00e1de\u017eou s misiou na Slovensku (YWAM) &#8211; sekciou Rodiny s\u00a0poslan\u00edm.<\/p>\r\n<ul>\r\n\t<li>Zauj\u00edmav\u00e9 dopolud\u0148aj\u0161ie      predn\u00e1\u0161ky pre dospel\u00fdch, zameran\u00e9 na posil\u0148ovanie vz\u0165ahu medzi man\u017eelmi s      praktick\u00fdm dosahom na \u017eivot rodiny, \u010di v\u00fdchovu det\u00ed.<\/li>\r\n\t<li>Paralelne s predn\u00e1\u0161kami      bohat\u00fd program pre deti v skupin\u00e1ch pod\u013ea veku \u2013 hry, tvorivos\u0165, \u0161port,      s\u00fa\u0165a\u017ee a in\u00e9.<\/li>\r\n\t<li>Duchovn\u00e1 starostlivos\u0165      sk\u00fasen\u00fdch pracovn\u00edkov v oblasti slu\u017eby rodin\u00e1m zo zahrani\u010dia i zo      Slovenska<\/li>\r\n\t<li>Strava 3x denne<\/li>\r\n\t<li>Ubytovanie v hoteli,\u00a0\u010di v pri\u013eahl\u00fdch chatk\u00e1ch<\/li>\r\n\t<li>Vo\u013en\u00fd      \u010das, ktor\u00fd mo\u017eno vyu\u017ei\u0165 pripraven\u00fdmi spolo\u010dn\u00fdmi aktivitami, ale aj      individu\u00e1lne<\/li>\r\n\t<li>\u0160port, rozhovory, modlitby,      z\u00e1bava, ve\u010der pre man\u017eelov<\/li>\r\n\t<li>N\u00e1dhern\u00e1 oblas\u0165 Horehronia      s mno\u017estvom \u010fal\u0161\u00edch mo\u017enost\u00ed<\/li>\r\n<\/ul>\r\n","protected":false},"excerpt":{"rendered":"Medzin\u00e1rodn\u00e9 kres\u0165ansk\u00e9 t\u00e1bory organizovan\u00e9 Ml\u00e1de\u017eou s misiou na Slovensku (YWAM) &#8211; sekciou Rodiny s\u00a0poslan\u00edm. Zauj\u00edmav\u00e9 dopolud\u0148aj\u0161ie predn\u00e1\u0161ky pre dospel\u00fdch, zameran\u00e9 na posil\u0148ovanie vz\u0165ahu medzi man\u017eelmi s praktick\u00fdm dosahom na \u017eivot rodiny, \u010di v\u00fdchovu det\u00ed. Paralelne s predn\u00e1\u0161kami bohat\u00fd program pre deti v skupin\u00e1ch pod\u013ea veku \u2013 hry, tvorivos\u0165, \u0161port, s\u00fa\u0165a\u017ee a in\u00e9. Duchovn\u00e1 starostlivos\u0165 sk\u00fasen\u00fdch [&hellip;]","protected":false},"author":1,"featured_media":0,"parent":0,"menu_order":0,"comment_status":"closed","ping_status":"closed","template":"","meta":{"footnotes":""},"class_list":["post-5","page","type-page","status-publish","hentry"],"_links":{"self":[{"href":"https:\/\/tabor.ywam.sk\/2010\/wp-json\/wp\/v2\/pages\/5","targetHints":{"allow":["GET"]}}],"collection":[{"href":"https:\/\/tabor.ywam.sk\/2010\/wp-json\/wp\/v2\/pages"}],"about":[{"href":"https:\/\/tabor.ywam.sk\/2010\/wp-json\/wp\/v2\/types\/page"}],"author":[{"embeddable":true,"href":"https:\/\/tabor.ywam.sk\/2010\/wp-json\/wp\/v2\/users\/1"}],"replies":[{"embeddable":true,"href":"https:\/\/tabor.ywam.sk\/2010\/wp-json\/wp\/v2\/comments?post=5"}],"version-history":[{"count":8,"href":"https:\/\/tabor.ywam.sk\/2010\/wp-json\/wp\/v2\/pages\/5\/revisions"}],"predecessor-version":[{"id":13,"href":"https:\/\/tabor.ywam.sk\/2010\/wp-json\/wp\/v2\/pages\/5\/revisions\/13"}],"wp:attachment":[{"href":"https:\/\/tabor.ywam.sk\/2010\/wp-json\/wp\/v2\/media?parent=5"}],"curies":[{"name":"wp","href":"https:\/\/api.w.org\/{rel}","templated":true}]}}