{"id":27,"date":"2010-02-25T21:23:00","date_gmt":"2010-02-25T21:23:00","guid":{"rendered":"http:\/\/tabor.ywam.sk\/2010\/?page_id=27"},"modified":"2010-03-05T07:10:50","modified_gmt":"2010-03-05T07:10:50","slug":"vyzva","status":"publish","type":"page","link":"https:\/\/tabor.ywam.sk\/2010\/vyzva","title":{"rendered":"V\u00fdzva"},"content":{"rendered":"\r\n<h3>Financie<\/h3>\r\n<p>N\u00e1\u0161 t\u00e1bor prin\u00e1\u0161a okrem radosti aj be\u017en\u00e9 starosti. Tie s\u00fa okrem in\u00e9ho spojen\u00e9 s v\u00fddavkami na pr\u00edpravu a \u00fa\u010das\u0165 detsk\u00e9ho t\u00edmu, ktor\u00fd sa bude stara\u0165 o Va\u0161e ratolesti a in\u00e9 v\u00fddavky spojen\u00e9 s t\u00e1borom. Ak ste sa preto rozhodli n\u00e1s podpori\u0165, \u010di u\u017e modlitbou alebo finan\u010dnou injekciou, budeme ve\u013emi radi.<\/p>\r\n<p>V pr\u00edpade, \u017ee sa rozhodnete n\u00e1s podpori\u0165, pou\u017eite \u010d\u00edslo \u00fa\u010dtu Ml\u00e1de\u017ee s misiou \u2013 Tatra banka <strong>2629748541\/1100<\/strong>. Ako variabiln\u00fd symbol uve\u010fte <strong>111213 <\/strong>a do pozn\u00e1mky uve\u010fte \u201c<strong>DAR NA T\u00c1BOR<\/strong>\u201c.<\/p>\r\n<p>Pr\u00edpadne n\u00e1s kontaktujte na: <a href=\"mailto:r.sochorova@gmail.com\">r.sochorova@gmail.com<\/a><\/p>\r\n<p>&nbsp;<\/p>\r\n\r\n<h3>Rodiny<\/h3>\r\n<p>T\u00e1bor je prim\u00e1rne zameran\u00fd na rodiny. Chceme V\u00e1s povzbudi\u0165, aby ste sa z\u00fa\u010dastnili t\u00e1bora ako cel\u00e1 rodina. Na\u0161\u00edm z\u00e1merom je v prvom rade, aby ste mali pekn\u00fd \u010das s Bohom, ale aby ste za\u017eili aj kr\u00e1sny \u010das medzi sebou ako kompletn\u00e1 rodina.<\/p>\r\n","protected":false},"excerpt":{"rendered":"Financie N\u00e1\u0161 t\u00e1bor prin\u00e1\u0161a okrem radosti aj be\u017en\u00e9 starosti. Tie s\u00fa okrem in\u00e9ho spojen\u00e9 s v\u00fddavkami na pr\u00edpravu a \u00fa\u010das\u0165 detsk\u00e9ho t\u00edmu, ktor\u00fd sa bude stara\u0165 o Va\u0161e ratolesti a in\u00e9 v\u00fddavky spojen\u00e9 s t\u00e1borom. Ak ste sa preto rozhodli n\u00e1s podpori\u0165, \u010di u\u017e modlitbou alebo finan\u010dnou injekciou, budeme ve\u013emi radi. V pr\u00edpade, \u017ee sa [&hellip;]","protected":false},"author":1,"featured_media":0,"parent":0,"menu_order":6,"comment_status":"closed","ping_status":"closed","template":"","meta":{"footnotes":""},"class_list":["post-27","page","type-page","status-publish","hentry"],"_links":{"self":[{"href":"https:\/\/tabor.ywam.sk\/2010\/wp-json\/wp\/v2\/pages\/27","targetHints":{"allow":["GET"]}}],"collection":[{"href":"https:\/\/tabor.ywam.sk\/2010\/wp-json\/wp\/v2\/pages"}],"about":[{"href":"https:\/\/tabor.ywam.sk\/2010\/wp-json\/wp\/v2\/types\/page"}],"author":[{"embeddable":true,"href":"https:\/\/tabor.ywam.sk\/2010\/wp-json\/wp\/v2\/users\/1"}],"replies":[{"embeddable":true,"href":"https:\/\/tabor.ywam.sk\/2010\/wp-json\/wp\/v2\/comments?post=27"}],"version-history":[{"count":4,"href":"https:\/\/tabor.ywam.sk\/2010\/wp-json\/wp\/v2\/pages\/27\/revisions"}],"predecessor-version":[{"id":42,"href":"https:\/\/tabor.ywam.sk\/2010\/wp-json\/wp\/v2\/pages\/27\/revisions\/42"}],"wp:attachment":[{"href":"https:\/\/tabor.ywam.sk\/2010\/wp-json\/wp\/v2\/media?parent=27"}],"curies":[{"name":"wp","href":"https:\/\/api.w.org\/{rel}","templated":true}]}}