{"id":24,"date":"2010-02-25T21:19:02","date_gmt":"2010-02-25T21:19:02","guid":{"rendered":"http:\/\/tabor.ywam.sk\/2010\/?page_id=24"},"modified":"2010-03-05T07:10:22","modified_gmt":"2010-03-05T07:10:22","slug":"informacie","status":"publish","type":"page","link":"https:\/\/tabor.ywam.sk\/2010\/informacie","title":{"rendered":"Inform\u00e1cie"},"content":{"rendered":"\r\n<h3>Kedy:<\/h3>\r\n<ol>\r\n\t<li>turnus : 11.7. &#8211; 17.7. \u00a0&#8211; hotel Drot\u00e1r, Hronec<\/li>\r\n\t<li>turnus : 18.7. &#8211; 24.7. &#8211; hotel Drot\u00e1r, Hronec<\/li>\r\n\t<li>turnus : 15.8. &#8211; 21.8. &#8211; hotel Lomnist\u00e1, Jasenie<\/li>\r\n<\/ol>\r\n<p>&nbsp;<\/p>\r\n\r\n<h3>Kde:<\/h3>\r\n<p><strong>Turist Hotel Drot\u00e1r<\/strong> sa nach\u00e1dza v malebnom prostred\u00ed v bl\u00edzkosti dedinky Hronec, na rozhran\u00ed N\u00edzkych Tatier a Veporsk\u00fdch vrchov.<\/p>\r\n<p><strong>Horsk\u00fd hotel Lomnist\u00e1<\/strong> sa nach\u00e1dza na za\u010diatku Lomnistej doliny v N\u00edzkych Tatr\u00e1ch, za obcou Jasenie.<\/p>\r\n<p>Obidve zariadenia sa nach\u00e1dzaj\u00fa medzi Banskou Bystricou a\u00a0Breznom.<\/p>\r\n<p>&nbsp;<\/p>\r\n\r\n<h3>Ubytovanie:<\/h3>\r\n<p><strong> <\/strong>V 2 &#8211; 4 l\u00f4\u017ekov\u00fdch izb\u00e1ch so soci\u00e1lnym zariaden\u00edm na bunke a v 7-l\u00f4\u017ekov\u00fdch pri\u013eahl\u00fdch chatk\u00e1ch (pros\u00edme na prihl\u00e1\u0161ke vyzna\u010dte v\u00e1\u0161 v\u00fdber &#8211; ak chcete b\u00fdva\u0165 v chatke, treba obsadi\u0165 najmenej 5 postel\u00ed, pr\u00edpadne sa spoji\u0165 s \u010fal\u0161ou rodinou &#8211; dohodnite sa a do prihl\u00e1\u0161ky nap\u00ed\u0161te s ktorou).<\/p>\r\n<p>&nbsp;<\/p>\r\n\r\n<h3>Cena:<\/h3>\r\n<p><strong>130,- EUR<\/strong>\/dospel\u00fd a <strong>90,- EUR<\/strong>\/die\u0165a do 12 rokov. Za deti do 3 rokov bez n\u00e1roku na stravu a l\u00f4\u017eko symbolick\u00fdch <strong>10,- EUR<\/strong>. V pr\u00edpade z\u00e1ujmu o stravu bez l\u00f4\u017eka, cel\u00e9 porcie pre die\u0165a, pr\u00edpadne o\u00a0denn\u00fa n\u00e1v\u0161tevu t\u00e1bora n\u00e1s kontaktujte. <br \/> V cene je ubytovanie na 6 noc\u00ed, pln\u00e1 penzia, desiata pre deti, ob\u010derstvenie, podklady k predn\u00e1\u0161kam, materi\u00e1ly pre detsk\u00fd program, spolo\u010dn\u00e9 priestory, \u0161portovisk\u00e1, pr\u00edspevok predn\u00e1\u0161aj\u00facim at\u010f.<\/p>\r\n<p>&nbsp;<\/p>\r\n\r\n<p>Ak je d\u00f4vodom, \u017ee nem\u00f4\u017eete pr\u00eds\u0165, pr\u00e1ve cena, obr\u00e1\u0165te sa na n\u00e1s \u010do najsk\u00f4r, pok\u00fasime sa spolu n\u00e1js\u0165 sp\u00f4sob, ako to vyrie\u0161i\u0165.<\/p>\r\n<p>&nbsp;<\/p>\r\n\r\n<p><strong>O\u00a0sp\u00f4sobe platby za t\u00e1bor V\u00e1s budeme informova\u0165 po zaregistrovan\u00ed a\u00a0potvrden\u00ed Va\u0161ej prihl\u00e1\u0161ky.<\/strong><\/p>\r\n","protected":false},"excerpt":{"rendered":"Kedy: turnus : 11.7. &#8211; 17.7. \u00a0&#8211; hotel Drot\u00e1r, Hronec turnus : 18.7. &#8211; 24.7. &#8211; hotel Drot\u00e1r, Hronec turnus : 15.8. &#8211; 21.8. &#8211; hotel Lomnist\u00e1, Jasenie &nbsp; Kde: Turist Hotel Drot\u00e1r sa nach\u00e1dza v malebnom prostred\u00ed v bl\u00edzkosti dedinky Hronec, na rozhran\u00ed N\u00edzkych Tatier a Veporsk\u00fdch vrchov. Horsk\u00fd hotel Lomnist\u00e1 sa nach\u00e1dza na [&hellip;]","protected":false},"author":1,"featured_media":0,"parent":0,"menu_order":3,"comment_status":"closed","ping_status":"closed","template":"","meta":{"footnotes":""},"class_list":["post-24","page","type-page","status-publish","hentry"],"_links":{"self":[{"href":"https:\/\/tabor.ywam.sk\/2010\/wp-json\/wp\/v2\/pages\/24","targetHints":{"allow":["GET"]}}],"collection":[{"href":"https:\/\/tabor.ywam.sk\/2010\/wp-json\/wp\/v2\/pages"}],"about":[{"href":"https:\/\/tabor.ywam.sk\/2010\/wp-json\/wp\/v2\/types\/page"}],"author":[{"embeddable":true,"href":"https:\/\/tabor.ywam.sk\/2010\/wp-json\/wp\/v2\/users\/1"}],"replies":[{"embeddable":true,"href":"https:\/\/tabor.ywam.sk\/2010\/wp-json\/wp\/v2\/comments?post=24"}],"version-history":[{"count":4,"href":"https:\/\/tabor.ywam.sk\/2010\/wp-json\/wp\/v2\/pages\/24\/revisions"}],"predecessor-version":[{"id":26,"href":"https:\/\/tabor.ywam.sk\/2010\/wp-json\/wp\/v2\/pages\/24\/revisions\/26"}],"wp:attachment":[{"href":"https:\/\/tabor.ywam.sk\/2010\/wp-json\/wp\/v2\/media?parent=24"}],"curies":[{"name":"wp","href":"https:\/\/api.w.org\/{rel}","templated":true}]}}