{"id":15,"date":"2010-02-25T21:09:37","date_gmt":"2010-02-25T21:09:37","guid":{"rendered":"http:\/\/tabor.ywam.sk\/2010\/?page_id=15"},"modified":"2010-03-05T07:09:32","modified_gmt":"2010-03-05T07:09:32","slug":"tema","status":"publish","type":"page","link":"https:\/\/tabor.ywam.sk\/2010\/tema","title":{"rendered":"T\u00e9ma"},"content":{"rendered":"\r\n<h3>On-line &amp; In-line<\/h3>\r\n<p>Ka\u017ed\u00fd kres\u0165an rie\u0161i t\u00fa star\u00fa ot\u00e1zku: \u201eAko m\u00e1m \u017ei\u0165 posv\u00e4ten\u00fd a\u00a0\u010dist\u00fd \u017eivot nasledovn\u00edka Je\u017ei\u0161a Krista v\u00a0prostred\u00ed hriechu, zvodov a\u00a0poku\u0161en\u00ed tohto sveta?\u201c Alebo, povedan\u00e9 slovn\u00edkom t\u00fdch mlad\u0161\u00edch z\u00a0n\u00e1s: \u201eAko by\u0165 \u201eIN\u201c a\u00a0s\u00fa\u010dasne \u201eON\u201c?<\/p>\r\n<p>Je\u017ei\u0161 svojich u\u010den\u00edkov na t\u00fato situ\u00e1ciu pripravuje, ke\u010f hovor\u00ed: \u201eSte vo svete, ale nie ste zo sveta\u201c. Ako neby\u0165 outsiderom, ale naopak &#8211; s\u00fa\u010das\u0165ou spolo\u010dnosti a\u00a0prin\u00e1\u0161a\u0165 \u013eu\u010fom okolo seba hodnoty Bo\u017eieho kr\u00e1\u013eovstva? Nez\u00e1le\u017e\u00ed na tom, \u010di e\u0161te chod\u00edm do \u0161koly, som t\u00ednejd\u017eerom, alebo rodi\u010dom &#8230; ak som kres\u0165an, potrebujem n\u00e1js\u0165 vlastn\u00e9 odpovede na ot\u00e1zky podobn\u00e9ho typu.<\/p>\r\n","protected":false},"excerpt":{"rendered":"On-line &amp; In-line Ka\u017ed\u00fd kres\u0165an rie\u0161i t\u00fa star\u00fa ot\u00e1zku: \u201eAko m\u00e1m \u017ei\u0165 posv\u00e4ten\u00fd a\u00a0\u010dist\u00fd \u017eivot nasledovn\u00edka Je\u017ei\u0161a Krista v\u00a0prostred\u00ed hriechu, zvodov a\u00a0poku\u0161en\u00ed tohto sveta?\u201c Alebo, povedan\u00e9 slovn\u00edkom t\u00fdch mlad\u0161\u00edch z\u00a0n\u00e1s: \u201eAko by\u0165 \u201eIN\u201c a\u00a0s\u00fa\u010dasne \u201eON\u201c? Je\u017ei\u0161 svojich u\u010den\u00edkov na t\u00fato situ\u00e1ciu pripravuje, ke\u010f hovor\u00ed: \u201eSte vo svete, ale nie ste zo sveta\u201c. Ako neby\u0165 outsiderom, [&hellip;]","protected":false},"author":1,"featured_media":0,"parent":0,"menu_order":1,"comment_status":"closed","ping_status":"closed","template":"","meta":{"footnotes":""},"class_list":["post-15","page","type-page","status-publish","hentry"],"_links":{"self":[{"href":"https:\/\/tabor.ywam.sk\/2010\/wp-json\/wp\/v2\/pages\/15","targetHints":{"allow":["GET"]}}],"collection":[{"href":"https:\/\/tabor.ywam.sk\/2010\/wp-json\/wp\/v2\/pages"}],"about":[{"href":"https:\/\/tabor.ywam.sk\/2010\/wp-json\/wp\/v2\/types\/page"}],"author":[{"embeddable":true,"href":"https:\/\/tabor.ywam.sk\/2010\/wp-json\/wp\/v2\/users\/1"}],"replies":[{"embeddable":true,"href":"https:\/\/tabor.ywam.sk\/2010\/wp-json\/wp\/v2\/comments?post=15"}],"version-history":[{"count":5,"href":"https:\/\/tabor.ywam.sk\/2010\/wp-json\/wp\/v2\/pages\/15\/revisions"}],"predecessor-version":[{"id":39,"href":"https:\/\/tabor.ywam.sk\/2010\/wp-json\/wp\/v2\/pages\/15\/revisions\/39"}],"wp:attachment":[{"href":"https:\/\/tabor.ywam.sk\/2010\/wp-json\/wp\/v2\/media?parent=15"}],"curies":[{"name":"wp","href":"https:\/\/api.w.org\/{rel}","templated":true}]}}